{"id":5795,"date":"2025-01-08T10:45:26","date_gmt":"2025-01-08T09:45:26","guid":{"rendered":"https:\/\/orienteantico.unimi.it\/?page_id=5795"},"modified":"2025-01-17T10:30:11","modified_gmt":"2025-01-17T09:30:11","slug":"diwa","status":"publish","type":"page","link":"https:\/\/orienteantico.unimi.it\/it\/diwa\/","title":{"rendered":"DiWA"},"content":{"rendered":"\n<div class=\"slider-wrapper relative\" id=\"slider-1443662278\" >\n    <div class=\"slider slider-nav-reveal slider-nav-large slider-nav-light slider-style-normal\"\n        data-flickity-options='{\n            \"cellAlign\": \"center\",\n            \"imagesLoaded\": true,\n            \"lazyLoad\": 1,\n            \"freeScroll\": false,\n            \"wrapAround\": true,\n            \"autoPlay\": 6000,\n            \"pauseAutoPlayOnHover\" : true,\n            \"prevNextButtons\": false,\n            \"contain\" : true,\n            \"adaptiveHeight\" : true,\n            \"dragThreshold\" : 10,\n            \"percentPosition\": true,\n            \"pageDots\": false,\n            \"rightToLeft\": false,\n            \"draggable\": false,\n            \"selectedAttraction\": 0.1,\n            \"parallax\" : 0,\n            \"friction\": 0.6        }'\n        >\n        \n\n\n  <div class=\"banner has-hover\" id=\"banner-982852682\">\n          <div class=\"banner-inner fill\">\n        <div class=\"banner-bg fill\" >\n            <img loading=\"lazy\" decoding=\"async\" width=\"2560\" height=\"1707\" src=\"https:\/\/orienteantico.unimi.it\/wp-content\/uploads\/2024\/12\/DiWA-1.jpg\" class=\"bg attachment-original size-original\" alt=\"\" \/>                                    \n                    <\/div>\n\t\t\n        <div class=\"banner-layers container\">\n            <div class=\"fill banner-link\"><\/div>            \n\n\n        <\/div>\n      <\/div>\n\n            \n<style>\n#banner-982852682 {\n  padding-top: 300px;\n}\n#banner-982852682 .banner-bg img {\n  object-position: 50% 16%;\n}\n<\/style>\n  <\/div>\n\n\n\n     <\/div>\n\n     <div class=\"loading-spin dark large centered\"><\/div>\n\n\t<\/div>\n\n\n<div class=\"row align-middle\"  id=\"row-1882978776\">\n\n\n\t<div id=\"col-1620678265\" class=\"col small-12 large-12\"  >\n\t\t\t\t<div class=\"col-inner\"  >\n\t\t\t\n\t\t\t\n\n<h2><strong>DiWA &#8211; Dialogues between ancient Western Asia and us. Untold stories from Italian collections and archives<\/strong><\/h2>\n<p><a href=\"https:\/\/studilefili.unimi.it\/it\/dialogues-between-ancient-western-asia-and-us-untold-stories-italian-collections-and-archives-diwa\"><span data-contrast=\"auto\"><span style=\"color: #0000ff;\">DiWA (\u201c<\/span><\/span><span style=\"color: #0000ff;\"><i>Dialogues between ancient Western Asia and us. <\/i><i>Untold stories from Italian collections and archives<\/i><\/span><\/a><span data-contrast=\"auto\"><span style=\"color: #0000ff;\">\u201d)<\/span> \u00e8 un progetto PRIN 2022 PNRR, condotto dall\u2019Istituto di Scienze del Patrimonio Culturale (ISPC) del CNR, in collaborazione con le Universit\u00e0 degli Studi di Milano, di Torino e di Firenze. Obiettivi del progetto sono lo studio, la valorizzazione e la comunicazione delle collezioni di reperti archeologici vicino orientali e relativi archivi di due musei nazionali: il Museo Archeologico Nazionale di Firenze (MAF) e il Museo di Antichit\u00e0 \u2013 Musei Reali di Torino (MAT).<\/span><span data-ccp-props=\"{&quot;134233117&quot;:false,&quot;134233118&quot;:false,&quot;201341983&quot;:0,&quot;335551550&quot;:6,&quot;335551620&quot;:6,&quot;335559738&quot;:0,&quot;335559739&quot;:0,&quot;335559740&quot;:257}\">\u00a0<\/span><\/p>\n<p><span data-contrast=\"auto\">Il gruppo di ricerca si distingue per il suo carattere interdisciplinare, includendo archeologi, filologi e restauratori, ma anche esperti di comunicazione museale, professionisti del digitale e artisti.\u00a0<\/span><span data-ccp-props=\"{&quot;134233117&quot;:false,&quot;134233118&quot;:false,&quot;201341983&quot;:0,&quot;335551550&quot;:6,&quot;335551620&quot;:6,&quot;335559738&quot;:0,&quot;335559739&quot;:0,&quot;335559740&quot;:257}\">\u00a0<\/span><\/p>\n<p><span data-contrast=\"auto\">Il coordinamento scientifico del progetto \u00e8 affidato a Silvia Alaura del CNR \u2013 ISPC, mentre i responsabili delle unit\u00e0 di ricerca sono Luca Peyronel per l\u2019Universit\u00e0 di Milano, Elena Devecchi per l\u2019Universit\u00e0 di Torino e Amalia Catagnoti per l\u2019Universit\u00e0 di Firenze.<\/span><span data-ccp-props=\"{&quot;134233117&quot;:false,&quot;134233118&quot;:false,&quot;201341983&quot;:0,&quot;335551550&quot;:6,&quot;335551620&quot;:6,&quot;335559738&quot;:0,&quot;335559739&quot;:0,&quot;335559740&quot;:257}\">\u00a0<\/span><\/p>\n<div class=\"row\"  id=\"row-1224832374\">\n\n\n\t<div id=\"col-1977813979\" class=\"col small-12 large-12\"  >\n\t\t\t\t<div class=\"col-inner\"  >\n\t\t\t\n\t\t\t\n\n\t<div class=\"img has-hover x md-x lg-x y md-y lg-y\" id=\"image_327111478\">\n\t\t<a class=\"image-lightbox lightbox-gallery\" title=\"\" href=\"https:\/\/orienteantico.unimi.it\/wp-content\/uploads\/2024\/12\/Immagine-2_Sala-Mesopotamica-MRT.jpg\">\t\t\t\t\t\t<div class=\"img-inner dark\" >\n\t\t\t<img loading=\"lazy\" decoding=\"async\" width=\"827\" height=\"551\" src=\"https:\/\/orienteantico.unimi.it\/wp-content\/uploads\/2024\/12\/Immagine-2_Sala-Mesopotamica-MRT.jpg\" class=\"attachment-large size-large\" alt=\"\" srcset=\"https:\/\/orienteantico.unimi.it\/wp-content\/uploads\/2024\/12\/Immagine-2_Sala-Mesopotamica-MRT.jpg 827w, https:\/\/orienteantico.unimi.it\/wp-content\/uploads\/2024\/12\/Immagine-2_Sala-Mesopotamica-MRT-600x400.jpg 600w, https:\/\/orienteantico.unimi.it\/wp-content\/uploads\/2024\/12\/Immagine-2_Sala-Mesopotamica-MRT-768x512.jpg 768w\" sizes=\"auto, (max-width: 827px) 100vw, 827px\" \/>\t\t\t\t\t\t\n\t\t\t\t\t<\/div>\n\t\t\t\t\t\t<\/a>\t\t\n<style>\n#image_327111478 {\n  width: 100%;\n}\n<\/style>\n\t<\/div>\n\t\n\n<p>Sala Mesopotamica dei Musei Reali di Torino.<\/p>\n<p>Le varie attivit\u00e0 del progetto DiWA, tutte incentrate sugli oggetti custoditi dai due musei partner, si possono descrivere in tre linee d\u2019azione. Un primo momento di studio della storia dell\u2019oggetto (dalla sua produzione all\u2019acquisizione del museo), tramite analisi di laboratorio circa la materialit\u00e0 del reperto e indagini archivistiche. Una seconda fase di comunicazione del reperto e delle sue vicende, rivolta a diversi tipi di pubblico (pubblico generico, scolaresche, comunit\u00e0 migranti residenti sul territorio) e in modalit\u00e0 diverse. Una terza fase di monitoraggio e valutazione delle attivit\u00e0 di comunicazione, per individuare strategie efficaci e modelli replicabili in futuri progetti di tenore equivalente.<\/p>\n<p>Le attivit\u00e0 di comunicazione e archeologia pubblica sono curate dall\u2019unit\u00e0 di ricerca dell\u2019Universit\u00e0 di Milano, che attraverso laboratori interattivi e la realizzazione di podcast e video clip intende coinvolgere direttamente il pubblico nella costruzione di un sapere condiviso. In particolare, sono previste per i primi mesi del 2025 delle attivit\u00e0 di laboratorio con le comunit\u00e0 transnazionali, migranti e loro discendenti, creando un dialogo partecipativo con i visitatori per valorizzare le collezioni mesopotamiche e promuovere un modello replicabile di comunicazione del patrimonio culturale.<\/p>\n\t<div class=\"img has-hover x md-x lg-x y md-y lg-y\" id=\"image_1251008032\">\n\t\t<a class=\"image-lightbox lightbox-gallery\" title=\"\" href=\"https:\/\/orienteantico.unimi.it\/wp-content\/uploads\/2024\/12\/Immagine-3_Sala-Egizia-MAF.jpg\">\t\t\t\t\t\t<div class=\"img-inner dark\" >\n\t\t\t<img loading=\"lazy\" decoding=\"async\" width=\"800\" height=\"570\" src=\"https:\/\/orienteantico.unimi.it\/wp-content\/uploads\/2024\/12\/Immagine-3_Sala-Egizia-MAF.jpg\" class=\"attachment-large size-large\" alt=\"\" srcset=\"https:\/\/orienteantico.unimi.it\/wp-content\/uploads\/2024\/12\/Immagine-3_Sala-Egizia-MAF.jpg 800w, https:\/\/orienteantico.unimi.it\/wp-content\/uploads\/2024\/12\/Immagine-3_Sala-Egizia-MAF-561x400.jpg 561w, https:\/\/orienteantico.unimi.it\/wp-content\/uploads\/2024\/12\/Immagine-3_Sala-Egizia-MAF-768x547.jpg 768w\" sizes=\"auto, (max-width: 800px) 100vw, 800px\" \/>\t\t\t\t\t\t\n\t\t\t\t\t<\/div>\n\t\t\t\t\t\t<\/a>\t\t\n<style>\n#image_1251008032 {\n  width: 100%;\n}\n<\/style>\n\t<\/div>\n\t\n\n<p>Sala Egizia del Museo Archeologico di Firenze.<\/p>\n\n\t\t<\/div>\n\t\t\t\t\t<\/div>\n\n\t\n\n<\/div>\n<div class=\"row\"  id=\"row-1330485972\">\n\n\n\t<div id=\"col-929650330\" class=\"col medium-4 small-12 large-4\"  >\n\t\t\t\t<div class=\"col-inner\"  >\n\t\t\t\n\t\t\t\n\n<a href=\"https:\/\/orienteantico.unimi.it\/it\/\" class=\"button primary is-outline expand\"  >\n\t<i class=\"icon-angle-left\" aria-hidden=\"true\" ><\/i>\t<span>INDIETRO<\/span>\n\t<\/a>\n\n\n\n\t\t<\/div>\n\t\t\t\t\t<\/div>\n\n\t\n\n\t<div id=\"col-1126676507\" class=\"col medium-4 small-12 large-4\"  >\n\t\t\t\t<div class=\"col-inner\"  >\n\t\t\t\n\t\t\t\n\n\n\t\t<\/div>\n\t\t\t\t\t<\/div>\n\n\t\n\n\t<div id=\"col-693698274\" class=\"col medium-4 small-12 large-4\"  >\n\t\t\t\t<div class=\"col-inner\"  >\n\t\t\t\n\t\t\t\n\n<a class=\"button primary is-outline expand\"  >\n\t\t<span>WEBSITE (online soon)<\/span>\n\t<i class=\"icon-play\" aria-hidden=\"true\" ><\/i><\/a>\n\n\n\n\t\t<\/div>\n\t\t\t\t\t<\/div>\n\n\t\n\n<\/div>\n\n\t\t<\/div>\n\t\t\t\t\t<\/div>\n\n\t\n\n<\/div>\n\n","protected":false},"excerpt":{"rendered":"","protected":false},"author":1,"featured_media":0,"parent":0,"menu_order":0,"comment_status":"closed","ping_status":"closed","template":"page-blank.php","meta":{"footnotes":""},"class_list":["post-5795","page","type-page","status-publish","hentry"],"_links":{"self":[{"href":"https:\/\/orienteantico.unimi.it\/it\/wp-json\/wp\/v2\/pages\/5795","targetHints":{"allow":["GET"]}}],"collection":[{"href":"https:\/\/orienteantico.unimi.it\/it\/wp-json\/wp\/v2\/pages"}],"about":[{"href":"https:\/\/orienteantico.unimi.it\/it\/wp-json\/wp\/v2\/types\/page"}],"author":[{"embeddable":true,"href":"https:\/\/orienteantico.unimi.it\/it\/wp-json\/wp\/v2\/users\/1"}],"replies":[{"embeddable":true,"href":"https:\/\/orienteantico.unimi.it\/it\/wp-json\/wp\/v2\/comments?post=5795"}],"version-history":[{"count":5,"href":"https:\/\/orienteantico.unimi.it\/it\/wp-json\/wp\/v2\/pages\/5795\/revisions"}],"predecessor-version":[{"id":6200,"href":"https:\/\/orienteantico.unimi.it\/it\/wp-json\/wp\/v2\/pages\/5795\/revisions\/6200"}],"wp:attachment":[{"href":"https:\/\/orienteantico.unimi.it\/it\/wp-json\/wp\/v2\/media?parent=5795"}],"curies":[{"name":"wp","href":"https:\/\/api.w.org\/{rel}","templated":true}]}}