{"id":5424,"date":"2024-12-18T09:52:52","date_gmt":"2024-12-18T08:52:52","guid":{"rendered":"https:\/\/orienteantico.unimi.it\/?page_id=5424"},"modified":"2025-01-09T16:23:04","modified_gmt":"2025-01-09T15:23:04","slug":"alanda","status":"publish","type":"page","link":"https:\/\/orienteantico.unimi.it\/it\/alanda\/","title":{"rendered":"ALandA"},"content":{"rendered":"\n<div class=\"slider-wrapper relative\" id=\"slider-124880062\" >\n    <div class=\"slider slider-nav-reveal slider-nav-large slider-nav-light slider-style-normal\"\n        data-flickity-options='{\n            \"cellAlign\": \"center\",\n            \"imagesLoaded\": true,\n            \"lazyLoad\": 1,\n            \"freeScroll\": false,\n            \"wrapAround\": true,\n            \"autoPlay\": 6000,\n            \"pauseAutoPlayOnHover\" : true,\n            \"prevNextButtons\": false,\n            \"contain\" : true,\n            \"adaptiveHeight\" : true,\n            \"dragThreshold\" : 10,\n            \"percentPosition\": true,\n            \"pageDots\": false,\n            \"rightToLeft\": false,\n            \"draggable\": false,\n            \"selectedAttraction\": 0.1,\n            \"parallax\" : 0,\n            \"friction\": 0.6        }'\n        >\n        \n\n\n  <div class=\"banner has-hover\" id=\"banner-2065699159\">\n          <div class=\"banner-inner fill\">\n        <div class=\"banner-bg fill\" >\n            <img loading=\"lazy\" decoding=\"async\" width=\"1024\" height=\"682\" src=\"https:\/\/orienteantico.unimi.it\/wp-content\/uploads\/2024\/12\/ALandA1.jpg\" class=\"bg attachment-original size-original\" alt=\"\" \/>                                    \n                    <\/div>\n\t\t\n        <div class=\"banner-layers container\">\n            <div class=\"fill banner-link\"><\/div>            \n\n\n        <\/div>\n      <\/div>\n\n            \n<style>\n#banner-2065699159 {\n  padding-top: 300px;\n}\n#banner-2065699159 .banner-bg img {\n  object-position: 51% 64%;\n}\n<\/style>\n  <\/div>\n\n\n\n     <\/div>\n\n     <div class=\"loading-spin dark large centered\"><\/div>\n\n\t<\/div>\n\n\n<div class=\"row align-middle\"  id=\"row-769146933\">\n\n\n\t<div id=\"col-517979797\" class=\"col small-12 large-12\"  >\n\t\t\t\t<div class=\"col-inner\"  >\n\t\t\t\n\t\t\t\n\n<h2><strong>ALandA &#8211; Ancient Landscapes of Anatolia in the Bronze Age<\/strong><\/h2>\n<p>ALandA \u00e8 un progetto che mira a ricostruire la storia del paesaggio dell\u2019Anatolia Centrale compresa tra il XVIII e il XIII sec. a.C., ovvero un periodo cruciale di passaggio dalla frammentazione territoriale dei principati anatolici all\u2019emergere e al consolidarsi del potente Regno Ittita.<\/p>\n<p>Il progetto rientra nei finanziamenti del PRIN (Progetti di Ricerca di Interesse Nazionale) 2022 ed \u00e8 frutto della collaborazione tra l&#8217;Universit\u00e0 degli Studi di Milano, l&#8217;Universit\u00e0 degli Studi di Pisa e il CNR-ISPC, e riunisce un team interdisciplinare di archeologi e assiriologi. L\u2019obiettivo \u00e8 integrare dati provenienti dalle fonti assire e ittite con l\u2019analisi della cultura materiale, dei modelli insediativi e delle dinamiche di sfruttamento del territorio, per tracciare i cambiamenti del paesaggio antropico dell\u2019Anatolia Centrale nel II millennio a.C.<\/p>\n<p>Il focus del progetto sono le province odierne di Kayseri e Yozgat, dove si trovano due centri importantissimi per il periodo oggetto di indagine, K\u00fcltepe, l\u2019antica Kanesh, e U\u015fakl\u0131 H\u00f6y\u00fck, forse l\u2019ittita Zippalanda, in cui sono attive indagini archeologiche da parte delle Universit\u00e0 di Milano e Pisa.<\/p>\n<div class=\"row row-collapse row-full-width\"  id=\"row-2027418624\">\n\n\n\t<div id=\"col-464826201\" class=\"col medium-6 small-12 large-6\"  >\n\t\t\t\t<div class=\"col-inner\"  >\n\t\t\t\n\t\t\t\n\n\t<div class=\"img has-hover x md-x lg-x y md-y lg-y\" id=\"image_202335214\">\n\t\t<a class=\"image-lightbox lightbox-gallery\" title=\"\" href=\"https:\/\/orienteantico.unimi.it\/wp-content\/uploads\/2024\/12\/ALandA.jpg\">\t\t\t\t\t\t<div class=\"img-inner dark\" >\n\t\t\t<img loading=\"lazy\" decoding=\"async\" width=\"970\" height=\"662\" src=\"https:\/\/orienteantico.unimi.it\/wp-content\/uploads\/2024\/12\/ALandA.jpg\" class=\"attachment-large size-large\" alt=\"\" srcset=\"https:\/\/orienteantico.unimi.it\/wp-content\/uploads\/2024\/12\/ALandA.jpg 970w, https:\/\/orienteantico.unimi.it\/wp-content\/uploads\/2024\/12\/ALandA-586x400.jpg 586w, https:\/\/orienteantico.unimi.it\/wp-content\/uploads\/2024\/12\/ALandA-768x524.jpg 768w\" sizes=\"auto, (max-width: 970px) 100vw, 970px\" \/>\t\t\t\t\t\t\n\t\t\t\t\t<\/div>\n\t\t\t\t\t\t<\/a>\t\t\n<style>\n#image_202335214 {\n  width: 87%;\n}\n<\/style>\n\t<\/div>\n\t\n\n<p>Mappa dell\u2019Anatolia Centrale con le aree investigate nelle province di Yozgat e Kayseri e i principali siti del II millennio a.C.<\/p>\n\n\t\t<\/div>\n\t\t\t\t\t<\/div>\n\n\t\n\n\t<div id=\"col-34746332\" class=\"col medium-6 small-12 large-6\"  >\n\t\t\t\t<div class=\"col-inner\"  >\n\t\t\t\n\t\t\t\n\n\t<div class=\"img has-hover x md-x lg-x y md-y lg-y\" id=\"image_1456658043\">\n\t\t<a class=\"image-lightbox lightbox-gallery\" title=\"\" href=\"https:\/\/orienteantico.unimi.it\/wp-content\/uploads\/2024\/12\/FIG.2-scaled.jpg\">\t\t\t\t\t\t<div class=\"img-inner dark\" >\n\t\t\t<img loading=\"lazy\" decoding=\"async\" width=\"1020\" height=\"680\" src=\"https:\/\/orienteantico.unimi.it\/wp-content\/uploads\/2024\/12\/FIG.2-1200x800.jpg\" class=\"attachment-large size-large\" alt=\"\" srcset=\"https:\/\/orienteantico.unimi.it\/wp-content\/uploads\/2024\/12\/FIG.2-1200x800.jpg 1200w, https:\/\/orienteantico.unimi.it\/wp-content\/uploads\/2024\/12\/FIG.2-600x400.jpg 600w, https:\/\/orienteantico.unimi.it\/wp-content\/uploads\/2024\/12\/FIG.2-768x512.jpg 768w, https:\/\/orienteantico.unimi.it\/wp-content\/uploads\/2024\/12\/FIG.2-1536x1024.jpg 1536w, https:\/\/orienteantico.unimi.it\/wp-content\/uploads\/2024\/12\/FIG.2-2048x1365.jpg 2048w\" sizes=\"auto, (max-width: 1020px) 100vw, 1020px\" \/>\t\t\t\t\t\t\n\t\t\t\t\t<\/div>\n\t\t\t\t\t\t<\/a>\t\t\n<style>\n#image_1456658043 {\n  width: 100%;\n}\n<\/style>\n\t<\/div>\n\t\n\n<p>Vista panoramica dei monti del Tauro tra gli Altipiani dell&#8217;Anatolia e la costa del Mediterraneo<\/p>\n\n\t\t<\/div>\n\t\t\t\t\n<style>\n#col-34746332 > .col-inner {\n  padding: 0px 5% 5% 5%;\n  max-width: 520px;\n}\n<\/style>\n\t<\/div>\n\n\t\n\n<\/div>\n<div class=\"row\"  id=\"row-1229111226\">\n\n\n\t<div id=\"col-1168521558\" class=\"col medium-4 small-12 large-4\"  >\n\t\t\t\t<div class=\"col-inner\"  >\n\t\t\t\n\t\t\t\n\n\n\t\t<\/div>\n\t\t\t\t\t<\/div>\n\n\t\n\n\t<div id=\"col-488581238\" class=\"col medium-4 small-12 large-4\"  >\n\t\t\t\t<div class=\"col-inner\"  >\n\t\t\t\n\t\t\t\n\n\t<div class=\"img has-hover x md-x lg-x y md-y lg-y\" id=\"image_521113636\">\n\t\t\t\t\t\t\t\t<div class=\"img-inner dark\" >\n\t\t\t<img loading=\"lazy\" decoding=\"async\" width=\"1020\" height=\"252\" src=\"https:\/\/orienteantico.unimi.it\/wp-content\/uploads\/2024\/12\/logo-alanda-final-1400x346.png\" class=\"attachment-large size-large\" alt=\"\" srcset=\"https:\/\/orienteantico.unimi.it\/wp-content\/uploads\/2024\/12\/logo-alanda-final-1400x346.png 1400w, https:\/\/orienteantico.unimi.it\/wp-content\/uploads\/2024\/12\/logo-alanda-final-800x197.png 800w, https:\/\/orienteantico.unimi.it\/wp-content\/uploads\/2024\/12\/logo-alanda-final-768x190.png 768w, https:\/\/orienteantico.unimi.it\/wp-content\/uploads\/2024\/12\/logo-alanda-final-1536x379.png 1536w, https:\/\/orienteantico.unimi.it\/wp-content\/uploads\/2024\/12\/logo-alanda-final-2048x506.png 2048w\" sizes=\"auto, (max-width: 1020px) 100vw, 1020px\" \/>\t\t\t\t\t\t\n\t\t\t\t\t<\/div>\n\t\t\t\t\t\t\t\t\n<style>\n#image_521113636 {\n  width: 100%;\n}\n<\/style>\n\t<\/div>\n\t\n\n\n\t\t<\/div>\n\t\t\t\t\t<\/div>\n\n\t\n\n\t<div id=\"col-422484912\" class=\"col medium-4 small-12 large-4\"  >\n\t\t\t\t<div class=\"col-inner\"  >\n\t\t\t\n\t\t\t\n\n\n\t\t<\/div>\n\t\t\t\t\t<\/div>\n\n\t\n\n<\/div>\n\t<div id=\"gap-1337579497\" class=\"gap-element clearfix\" style=\"display:block; height:auto;\">\n\t\t\n<style>\n#gap-1337579497 {\n  padding-top: 30px;\n}\n<\/style>\n\t<\/div>\n\t\n\n<div class=\"container section-title-container\" ><h3 class=\"section-title section-title-normal\"><b><\/b><span class=\"section-title-main\" >NEWS<\/span><b><\/b><\/h3><\/div>\n\n\n  \n    <div class=\"row large-columns-4 medium-columns-1 small-columns-1 slider row-slider slider-nav-reveal slider-nav-push\"  data-flickity-options='{&quot;imagesLoaded&quot;: true, &quot;groupCells&quot;: &quot;100%&quot;, &quot;dragThreshold&quot; : 5, &quot;cellAlign&quot;: &quot;left&quot;,&quot;wrapAround&quot;: true,&quot;prevNextButtons&quot;: true,&quot;percentPosition&quot;: true,&quot;pageDots&quot;: false, &quot;rightToLeft&quot;: false, &quot;autoPlay&quot; : false}' >\n\n  <div class=\"col post-item\" >\n\t\t\t<div class=\"col-inner\">\n\t\t\t\t<div class=\"box box-normal box-text-bottom box-blog-post has-hover\">\n            \t\t\t\t\t<div class=\"box-image\" >\n  \t\t\t\t\t\t<div class=\"image-cover\" style=\"padding-top:56.25%;\">\n\t\t\t\t\t\t\t<a href=\"https:\/\/orienteantico.unimi.it\/it\/giornata-dipartimentale-della-ricerca-percorsi-e-intersezioni-della-ricerca\/\" class=\"plain\" aria-label=\"Giornata Dipartimentale della Ricerca \u2013 Percorsi e Intersezioni della Ricerca\">\n\t\t\t\t\t\t\t\t<img loading=\"lazy\" decoding=\"async\" width=\"283\" height=\"400\" src=\"https:\/\/orienteantico.unimi.it\/wp-content\/uploads\/2025\/09\/Locandina_GDR_16.09.25-283x400.jpg\" class=\"attachment-medium size-medium wp-post-image\" alt=\"\" srcset=\"https:\/\/orienteantico.unimi.it\/wp-content\/uploads\/2025\/09\/Locandina_GDR_16.09.25-283x400.jpg 283w, https:\/\/orienteantico.unimi.it\/wp-content\/uploads\/2025\/09\/Locandina_GDR_16.09.25-566x800.jpg 566w, https:\/\/orienteantico.unimi.it\/wp-content\/uploads\/2025\/09\/Locandina_GDR_16.09.25-768x1085.jpg 768w, https:\/\/orienteantico.unimi.it\/wp-content\/uploads\/2025\/09\/Locandina_GDR_16.09.25-1087x1536.jpg 1087w, https:\/\/orienteantico.unimi.it\/wp-content\/uploads\/2025\/09\/Locandina_GDR_16.09.25.jpg 1241w\" sizes=\"auto, (max-width: 283px) 100vw, 283px\" \/>\t\t\t\t\t\t\t<\/a>\n  \t\t\t\t\t\t\t  \t\t\t\t\t\t\t  \t\t\t\t\t\t<\/div>\n  \t\t\t\t\t\t  \t\t\t\t\t<\/div>\n          \t\t\t\t\t<div class=\"box-text text-center\" >\n\t\t\t\t\t<div class=\"box-text-inner blog-post-inner\">\n\n\t\t\t\t\t\n\t\t\t\t\t\t\t\t\t\t<h5 class=\"post-title is-large \">\n\t\t\t\t\t\t<a href=\"https:\/\/orienteantico.unimi.it\/it\/giornata-dipartimentale-della-ricerca-percorsi-e-intersezioni-della-ricerca\/\" class=\"plain\">Giornata Dipartimentale della Ricerca \u2013 Percorsi e Intersezioni della Ricerca<\/a>\n\t\t\t\t\t<\/h5>\n\t\t\t\t\t\t\t\t\t\t<div class=\"is-divider\"><\/div>\n\t\t\t\t\t\t\t\t\t\t<p class=\"from_the_blog_excerpt \">\n\t\t\t\t\t\t\t\t\t\t\t<\/p>\n\t\t\t\t\t                    \n\t\t\t\t\t\t\t\t\t\t\t<a href=\"https:\/\/orienteantico.unimi.it\/it\/giornata-dipartimentale-della-ricerca-percorsi-e-intersezioni-della-ricerca\/\" class=\"button  is-bevel is-small mb-0\">\n\t\t\t\t\t\t\tLEGGI\t\t\t\t\t\t<\/a>\n\t\t\t\t\t\n\t\t\t\t\t\n\t\t\t\t\t<\/div>\n\t\t\t\t\t<\/div>\n\t\t\t\t\t\t\t\t\t<\/div>\n\t\t\t<\/div>\n\t\t<\/div><div class=\"col post-item\" >\n\t\t\t<div class=\"col-inner\">\n\t\t\t\t<div class=\"box box-normal box-text-bottom box-blog-post has-hover\">\n            \t\t\t\t\t<div class=\"box-image\" >\n  \t\t\t\t\t\t<div class=\"image-cover\" style=\"padding-top:56.25%;\">\n\t\t\t\t\t\t\t<a href=\"https:\/\/orienteantico.unimi.it\/it\/lantica-anatolia-a-milano-il-prof-fikri-kulakoglu-in-un-seminario-sulle-nuove-ricerche-nel-sito-di-kultepe-kanesh\/\" class=\"plain\" aria-label=\"L&#8217;Antica Anatolia a Milano: il prof. Fikri Kulako\u011flu in un seminario sulle nuove ricerche nel sito di K\u00fcltepe-Kanesh\">\n\t\t\t\t\t\t\t\t<img loading=\"lazy\" decoding=\"async\" width=\"278\" height=\"400\" src=\"https:\/\/orienteantico.unimi.it\/wp-content\/uploads\/2025\/05\/kulakoglu_Conferenza-278x400.jpg\" class=\"attachment-medium size-medium wp-post-image\" alt=\"\" srcset=\"https:\/\/orienteantico.unimi.it\/wp-content\/uploads\/2025\/05\/kulakoglu_Conferenza-278x400.jpg 278w, https:\/\/orienteantico.unimi.it\/wp-content\/uploads\/2025\/05\/kulakoglu_Conferenza-556x800.jpg 556w, https:\/\/orienteantico.unimi.it\/wp-content\/uploads\/2025\/05\/kulakoglu_Conferenza-768x1105.jpg 768w, https:\/\/orienteantico.unimi.it\/wp-content\/uploads\/2025\/05\/kulakoglu_Conferenza-1067x1536.jpg 1067w, https:\/\/orienteantico.unimi.it\/wp-content\/uploads\/2025\/05\/kulakoglu_Conferenza-1423x2048.jpg 1423w, https:\/\/orienteantico.unimi.it\/wp-content\/uploads\/2025\/05\/kulakoglu_Conferenza-scaled.jpg 1779w\" sizes=\"auto, (max-width: 278px) 100vw, 278px\" \/>\t\t\t\t\t\t\t<\/a>\n  \t\t\t\t\t\t\t  \t\t\t\t\t\t\t  \t\t\t\t\t\t<\/div>\n  \t\t\t\t\t\t  \t\t\t\t\t<\/div>\n          \t\t\t\t\t<div class=\"box-text text-center\" >\n\t\t\t\t\t<div class=\"box-text-inner blog-post-inner\">\n\n\t\t\t\t\t\n\t\t\t\t\t\t\t\t\t\t<h5 class=\"post-title is-large \">\n\t\t\t\t\t\t<a href=\"https:\/\/orienteantico.unimi.it\/it\/lantica-anatolia-a-milano-il-prof-fikri-kulakoglu-in-un-seminario-sulle-nuove-ricerche-nel-sito-di-kultepe-kanesh\/\" class=\"plain\">L&#8217;Antica Anatolia a Milano: il prof. Fikri Kulako\u011flu in un seminario sulle nuove ricerche nel sito di K\u00fcltepe-Kanesh<\/a>\n\t\t\t\t\t<\/h5>\n\t\t\t\t\t\t\t\t\t\t<div class=\"is-divider\"><\/div>\n\t\t\t\t\t\t\t\t\t\t<p class=\"from_the_blog_excerpt \">\n\t\t\t\t\t\t\t\t\t\t\t<\/p>\n\t\t\t\t\t                    \n\t\t\t\t\t\t\t\t\t\t\t<a href=\"https:\/\/orienteantico.unimi.it\/it\/lantica-anatolia-a-milano-il-prof-fikri-kulakoglu-in-un-seminario-sulle-nuove-ricerche-nel-sito-di-kultepe-kanesh\/\" class=\"button  is-bevel is-small mb-0\">\n\t\t\t\t\t\t\tLEGGI\t\t\t\t\t\t<\/a>\n\t\t\t\t\t\n\t\t\t\t\t\n\t\t\t\t\t<\/div>\n\t\t\t\t\t<\/div>\n\t\t\t\t\t\t\t\t\t<\/div>\n\t\t\t<\/div>\n\t\t<\/div><div class=\"col post-item\" >\n\t\t\t<div class=\"col-inner\">\n\t\t\t\t<div class=\"box box-normal box-text-bottom box-blog-post has-hover\">\n            \t\t\t\t\t<div class=\"box-image\" >\n  \t\t\t\t\t\t<div class=\"image-cover\" style=\"padding-top:56.25%;\">\n\t\t\t\t\t\t\t<a href=\"https:\/\/orienteantico.unimi.it\/it\/lanatolia-antica-a-milano-chef-omur-akkor-e-il-prof-cetin-senkul-in-un-seminario-in-unimi\/\" class=\"plain\" aria-label=\"L&#8217;Anatolia Antica a Milano: chef \u00d6mur Akkor e il Prof. \u00c7etin \u015eenkul in un seminario in Unimi\">\n\t\t\t\t\t\t\t\t<img loading=\"lazy\" decoding=\"async\" width=\"281\" height=\"400\" src=\"https:\/\/orienteantico.unimi.it\/wp-content\/uploads\/2025\/05\/senkul-akkor_Conferenza-281x400.jpg\" class=\"attachment-medium size-medium wp-post-image\" alt=\"\" srcset=\"https:\/\/orienteantico.unimi.it\/wp-content\/uploads\/2025\/05\/senkul-akkor_Conferenza-281x400.jpg 281w, https:\/\/orienteantico.unimi.it\/wp-content\/uploads\/2025\/05\/senkul-akkor_Conferenza-563x800.jpg 563w, https:\/\/orienteantico.unimi.it\/wp-content\/uploads\/2025\/05\/senkul-akkor_Conferenza-768x1092.jpg 768w, https:\/\/orienteantico.unimi.it\/wp-content\/uploads\/2025\/05\/senkul-akkor_Conferenza-1081x1536.jpg 1081w, https:\/\/orienteantico.unimi.it\/wp-content\/uploads\/2025\/05\/senkul-akkor_Conferenza-1441x2048.jpg 1441w, https:\/\/orienteantico.unimi.it\/wp-content\/uploads\/2025\/05\/senkul-akkor_Conferenza-scaled.jpg 1801w\" sizes=\"auto, (max-width: 281px) 100vw, 281px\" \/>\t\t\t\t\t\t\t<\/a>\n  \t\t\t\t\t\t\t  \t\t\t\t\t\t\t  \t\t\t\t\t\t<\/div>\n  \t\t\t\t\t\t  \t\t\t\t\t<\/div>\n          \t\t\t\t\t<div class=\"box-text text-center\" >\n\t\t\t\t\t<div class=\"box-text-inner blog-post-inner\">\n\n\t\t\t\t\t\n\t\t\t\t\t\t\t\t\t\t<h5 class=\"post-title is-large \">\n\t\t\t\t\t\t<a href=\"https:\/\/orienteantico.unimi.it\/it\/lanatolia-antica-a-milano-chef-omur-akkor-e-il-prof-cetin-senkul-in-un-seminario-in-unimi\/\" class=\"plain\">L&#8217;Anatolia Antica a Milano: chef \u00d6mur Akkor e il Prof. \u00c7etin \u015eenkul in un seminario in Unimi<\/a>\n\t\t\t\t\t<\/h5>\n\t\t\t\t\t\t\t\t\t\t<div class=\"is-divider\"><\/div>\n\t\t\t\t\t\t\t\t\t\t<p class=\"from_the_blog_excerpt \">\n\t\t\t\t\t\t\t\t\t\t\t<\/p>\n\t\t\t\t\t                    \n\t\t\t\t\t\t\t\t\t\t\t<a href=\"https:\/\/orienteantico.unimi.it\/it\/lanatolia-antica-a-milano-chef-omur-akkor-e-il-prof-cetin-senkul-in-un-seminario-in-unimi\/\" class=\"button  is-bevel is-small mb-0\">\n\t\t\t\t\t\t\tLEGGI\t\t\t\t\t\t<\/a>\n\t\t\t\t\t\n\t\t\t\t\t\n\t\t\t\t\t<\/div>\n\t\t\t\t\t<\/div>\n\t\t\t\t\t\t\t\t\t<\/div>\n\t\t\t<\/div>\n\t\t<\/div><div class=\"col post-item\" >\n\t\t\t<div class=\"col-inner\">\n\t\t\t\t<div class=\"box box-normal box-text-bottom box-blog-post has-hover\">\n            \t\t\t\t\t<div class=\"box-image\" >\n  \t\t\t\t\t\t<div class=\"image-cover\" style=\"padding-top:56.25%;\">\n\t\t\t\t\t\t\t<a href=\"https:\/\/orienteantico.unimi.it\/it\/andreas-schachner-in-unimi\/\" class=\"plain\" aria-label=\"Andreas Schachner in Unimi\">\n\t\t\t\t\t\t\t\t<img loading=\"lazy\" decoding=\"async\" width=\"282\" height=\"400\" src=\"https:\/\/orienteantico.unimi.it\/wp-content\/uploads\/2025\/03\/Locandina-Conferenza_Prof-Schachner-2-282x400.jpg\" class=\"attachment-medium size-medium wp-post-image\" alt=\"\" srcset=\"https:\/\/orienteantico.unimi.it\/wp-content\/uploads\/2025\/03\/Locandina-Conferenza_Prof-Schachner-2-282x400.jpg 282w, https:\/\/orienteantico.unimi.it\/wp-content\/uploads\/2025\/03\/Locandina-Conferenza_Prof-Schachner-2-564x800.jpg 564w, https:\/\/orienteantico.unimi.it\/wp-content\/uploads\/2025\/03\/Locandina-Conferenza_Prof-Schachner-2-768x1089.jpg 768w, https:\/\/orienteantico.unimi.it\/wp-content\/uploads\/2025\/03\/Locandina-Conferenza_Prof-Schachner-2-1083x1536.jpg 1083w, https:\/\/orienteantico.unimi.it\/wp-content\/uploads\/2025\/03\/Locandina-Conferenza_Prof-Schachner-2-1444x2048.jpg 1444w, https:\/\/orienteantico.unimi.it\/wp-content\/uploads\/2025\/03\/Locandina-Conferenza_Prof-Schachner-2-scaled.jpg 1805w\" sizes=\"auto, (max-width: 282px) 100vw, 282px\" \/>\t\t\t\t\t\t\t<\/a>\n  \t\t\t\t\t\t\t  \t\t\t\t\t\t\t  \t\t\t\t\t\t<\/div>\n  \t\t\t\t\t\t  \t\t\t\t\t<\/div>\n          \t\t\t\t\t<div class=\"box-text text-center\" >\n\t\t\t\t\t<div class=\"box-text-inner blog-post-inner\">\n\n\t\t\t\t\t\n\t\t\t\t\t\t\t\t\t\t<h5 class=\"post-title is-large \">\n\t\t\t\t\t\t<a href=\"https:\/\/orienteantico.unimi.it\/it\/andreas-schachner-in-unimi\/\" class=\"plain\">Andreas Schachner in Unimi<\/a>\n\t\t\t\t\t<\/h5>\n\t\t\t\t\t\t\t\t\t\t<div class=\"is-divider\"><\/div>\n\t\t\t\t\t\t\t\t\t\t<p class=\"from_the_blog_excerpt \">\n\t\t\t\t\t\t\t\t\t\t\t<\/p>\n\t\t\t\t\t                    \n\t\t\t\t\t\t\t\t\t\t\t<a href=\"https:\/\/orienteantico.unimi.it\/it\/andreas-schachner-in-unimi\/\" class=\"button  is-bevel is-small mb-0\">\n\t\t\t\t\t\t\tLEGGI\t\t\t\t\t\t<\/a>\n\t\t\t\t\t\n\t\t\t\t\t\n\t\t\t\t\t<\/div>\n\t\t\t\t\t<\/div>\n\t\t\t\t\t\t\t\t\t<\/div>\n\t\t\t<\/div>\n\t\t<\/div><div class=\"col post-item\" >\n\t\t\t<div class=\"col-inner\">\n\t\t\t\t<div class=\"box box-normal box-text-bottom box-blog-post has-hover\">\n            \t\t\t\t\t<div class=\"box-image\" >\n  \t\t\t\t\t\t<div class=\"image-cover\" style=\"padding-top:56.25%;\">\n\t\t\t\t\t\t\t<a href=\"https:\/\/orienteantico.unimi.it\/it\/giornata-dipartimentale-2024\/\" class=\"plain\" aria-label=\"Il progetto ALandA alla III Giornata Dipartimentale della Ricerca\">\n\t\t\t\t\t\t\t\t<img loading=\"lazy\" decoding=\"async\" width=\"282\" height=\"400\" src=\"https:\/\/orienteantico.unimi.it\/wp-content\/uploads\/2024\/12\/Giornata-dipartimentale_2024-282x400.jpg\" class=\"attachment-medium size-medium wp-post-image\" alt=\"\" srcset=\"https:\/\/orienteantico.unimi.it\/wp-content\/uploads\/2024\/12\/Giornata-dipartimentale_2024-282x400.jpg 282w, https:\/\/orienteantico.unimi.it\/wp-content\/uploads\/2024\/12\/Giornata-dipartimentale_2024.jpg 492w\" sizes=\"auto, (max-width: 282px) 100vw, 282px\" \/>\t\t\t\t\t\t\t<\/a>\n  \t\t\t\t\t\t\t  \t\t\t\t\t\t\t  \t\t\t\t\t\t<\/div>\n  \t\t\t\t\t\t  \t\t\t\t\t<\/div>\n          \t\t\t\t\t<div class=\"box-text text-center\" >\n\t\t\t\t\t<div class=\"box-text-inner blog-post-inner\">\n\n\t\t\t\t\t\n\t\t\t\t\t\t\t\t\t\t<h5 class=\"post-title is-large \">\n\t\t\t\t\t\t<a href=\"https:\/\/orienteantico.unimi.it\/it\/giornata-dipartimentale-2024\/\" class=\"plain\">Il progetto ALandA alla III Giornata Dipartimentale della Ricerca<\/a>\n\t\t\t\t\t<\/h5>\n\t\t\t\t\t\t\t\t\t\t<div class=\"is-divider\"><\/div>\n\t\t\t\t\t\t\t\t\t\t<p class=\"from_the_blog_excerpt \">\n\t\t\t\t\t\t\t\t\t\t\t<\/p>\n\t\t\t\t\t                    \n\t\t\t\t\t\t\t\t\t\t\t<a href=\"https:\/\/orienteantico.unimi.it\/it\/giornata-dipartimentale-2024\/\" class=\"button  is-bevel is-small mb-0\">\n\t\t\t\t\t\t\tLEGGI\t\t\t\t\t\t<\/a>\n\t\t\t\t\t\n\t\t\t\t\t\n\t\t\t\t\t<\/div>\n\t\t\t\t\t<\/div>\n\t\t\t\t\t\t\t\t\t<\/div>\n\t\t\t<\/div>\n\t\t<\/div><\/div>\n\n<div class=\"row\"  id=\"row-958697413\">\n\n\n\t<div id=\"col-459424941\" class=\"col medium-4 small-12 large-4\"  >\n\t\t\t\t<div class=\"col-inner\"  >\n\t\t\t\n\t\t\t\n\n\n\t\t<\/div>\n\t\t\t\t\t<\/div>\n\n\t\n\n\t<div id=\"col-980680565\" class=\"col medium-4 small-12 large-4\"  >\n\t\t\t\t<div class=\"col-inner\"  >\n\t\t\t\n\t\t\t\n\n<a href=\"https:\/\/orienteantico.unimi.it\/it\/news-1\/\" class=\"button primary expand\"  >\n\t\t<span>LEGGI TUTTE LE NEWS<\/span>\n\t<i class=\"icon-angle-right\" aria-hidden=\"true\" ><\/i><\/a>\n\n\n\n\t\t<\/div>\n\t\t\t\t\t<\/div>\n\n\t\n\n\t<div id=\"col-913151704\" class=\"col medium-4 small-12 large-4\"  >\n\t\t\t\t<div class=\"col-inner\"  >\n\t\t\t\n\t\t\t\n\n\n\t\t<\/div>\n\t\t\t\t\t<\/div>\n\n\t\n\n<\/div>\n\t<div id=\"gap-282763920\" class=\"gap-element clearfix\" style=\"display:block; height:auto;\">\n\t\t\n<style>\n#gap-282763920 {\n  padding-top: 30px;\n}\n<\/style>\n\t<\/div>\n\t\n\n<div class=\"row\"  id=\"row-960579389\">\n\n\n\t<div id=\"col-1945773481\" class=\"col medium-4 small-12 large-4\"  >\n\t\t\t\t<div class=\"col-inner\"  >\n\t\t\t\n\t\t\t\n\n<a href=\"https:\/\/orienteantico.unimi.it\/\" class=\"button primary is-outline expand\"  >\n\t<i class=\"icon-angle-left\" aria-hidden=\"true\" ><\/i>\t<span>INDIETRO<\/span>\n\t<\/a>\n\n\n\n\t\t<\/div>\n\t\t\t\t\t<\/div>\n\n\t\n\n\t<div id=\"col-144340470\" class=\"col medium-4 small-12 large-4\"  >\n\t\t\t\t<div class=\"col-inner\"  >\n\t\t\t\n\t\t\t\n\n\n\t\t<\/div>\n\t\t\t\t\t<\/div>\n\n\t\n\n\t<div id=\"col-922137160\" class=\"col medium-4 small-12 large-4\"  >\n\t\t\t\t<div class=\"col-inner\"  >\n\t\t\t\n\t\t\t\n\n\n\t\t<\/div>\n\t\t\t\t\t<\/div>\n\n\t\n\n<\/div>\n\n\t\t<\/div>\n\t\t\t\t\t<\/div>\n\n\t\n\n<\/div>\n\n","protected":false},"excerpt":{"rendered":"","protected":false},"author":1,"featured_media":0,"parent":0,"menu_order":0,"comment_status":"closed","ping_status":"closed","template":"page-blank.php","meta":{"footnotes":""},"class_list":["post-5424","page","type-page","status-publish","hentry"],"_links":{"self":[{"href":"https:\/\/orienteantico.unimi.it\/it\/wp-json\/wp\/v2\/pages\/5424","targetHints":{"allow":["GET"]}}],"collection":[{"href":"https:\/\/orienteantico.unimi.it\/it\/wp-json\/wp\/v2\/pages"}],"about":[{"href":"https:\/\/orienteantico.unimi.it\/it\/wp-json\/wp\/v2\/types\/page"}],"author":[{"embeddable":true,"href":"https:\/\/orienteantico.unimi.it\/it\/wp-json\/wp\/v2\/users\/1"}],"replies":[{"embeddable":true,"href":"https:\/\/orienteantico.unimi.it\/it\/wp-json\/wp\/v2\/comments?post=5424"}],"version-history":[{"count":14,"href":"https:\/\/orienteantico.unimi.it\/it\/wp-json\/wp\/v2\/pages\/5424\/revisions"}],"predecessor-version":[{"id":5983,"href":"https:\/\/orienteantico.unimi.it\/it\/wp-json\/wp\/v2\/pages\/5424\/revisions\/5983"}],"wp:attachment":[{"href":"https:\/\/orienteantico.unimi.it\/it\/wp-json\/wp\/v2\/media?parent=5424"}],"curies":[{"name":"wp","href":"https:\/\/api.w.org\/{rel}","templated":true}]}}