{"id":4265,"date":"2022-09-07T13:39:39","date_gmt":"2022-09-07T11:39:39","guid":{"rendered":"https:\/\/orienteantico.unimi.it\/?page_id=4265"},"modified":"2025-01-09T12:40:27","modified_gmt":"2025-01-09T11:40:27","slug":"hama","status":"publish","type":"page","link":"https:\/\/orienteantico.unimi.it\/it\/hama\/","title":{"rendered":"HAMA"},"content":{"rendered":"\n\n\t<section class=\"section\" id=\"section_2016044042\">\n\t\t<div class=\"section-bg fill\" >\n\t\t\t<img loading=\"lazy\" decoding=\"async\" width=\"2560\" height=\"1403\" src=\"https:\/\/orienteantico.unimi.it\/wp-content\/uploads\/2022\/07\/Hama_google-scaled.jpg\" class=\"bg attachment-original size-original\" alt=\"Hama_satelite\" \/>\t\t\t\t\t\t\n\t\t\t\n\n\t\t<\/div>\n\n\t\t\n\n\t\t<div class=\"section-content relative\">\n\t\t\t\n\n\n\t\t<\/div>\n\n\t\t\n<style>\n#section_2016044042 {\n  padding-top: 0px;\n  padding-bottom: 0px;\n  min-height: 300px;\n}\n#section_2016044042 .section-bg img {\n  object-position: 48% 38%;\n}\n<\/style>\n\t<\/section>\n\t\n<div class=\"row align-middle\"  id=\"row-1048242597\">\n\n\n\t<div id=\"col-1630617152\" class=\"col small-12 large-12\"  >\n\t\t\t\t<div class=\"col-inner\"  >\n\t\t\t\n\t\t\t\n\n<h2 style=\"text-align: left;\"><span style=\"font-weight: 400;\">Ordinary Lives in Extraordinary Times: A New View of the Earliest Urban Societies in Bronze Age Syria<\/span><\/h2>\n<p style=\"text-align: justify;\">Il progetto <em>Hama<\/em> \u00e8 condotto da un gruppo internazionale di ricercatori (danesi, italiani e siriani) e prevede lo studio, la catalogazione e la pubblicazione dei contesti archeologici e dei materiali dell\u2019et\u00e0 del Bronzo \u2015 ad oggi largamente inediti \u2015 conservati presso il <a style=\"color: #0533ff;\" href=\"https:\/\/en.natmus.dk\/\">National Museum of Denmark<\/a> e provenienti dal sito di Hama in Siria (35\u00b008\u2032N 36\u00b045\u2032E), indagato dalla <em>Carlsberg Expedition to Phoenicia<\/em> tra il 1931 e il 1938.<\/p>\n<p style=\"text-align: justify;\">La collezione di Hama \u00e8 di notevolissima importanza. Si tratta, infatti, delle pi\u00f9 vasta collezione di reperti archeologici provenienti dallo scavo di un sito vicino orientale ospitata presso un museo europeo, ed una delle pi\u00f9 ampie collezioni (pi\u00f9 di 12.000 reperti) ad oggi presenti al di fuori della Siria. Anche il contesto archeologico \u00e8 eccezionale in quanto si tratta dell\u2019unico caso di strutture domestiche scavate nella Siria occidentale per l\u2019et\u00e0 del Bronzo Antico (ca. 3000-2000 a.C.), contemporanee alla fase del Palazzo Reale G e degli Archivi di Stato di Ebla.<\/p>\n<p style=\"text-align: justify;\">Nel 2020 il Progetto Hama &#8211; <em>Ordinary Lives in Extraordinary Times: A New View of the Earliest Urban Societies in Bronze Age Syria<\/em> ha ricevuto un finanziamento sul bando <em>Independent Research Fund Denmark Project<\/em>. Le attivit\u00e0 del Team UniMi del <span style=\"color: #0000ff;\"><a style=\"color: #0000ff;\" href=\"https:\/\/www.studilefili.unimi.it\/ecm\/home\">Dipartimento di Studi Letterari, Filologici e Linguistici<\/a><\/span> prevedono la digitalizzazione della documentazione originale elaborata dalla Missione archeologica danese a Hama e conservata presso il Nationalmuseet e la creazione di un GIS archeologico per la gestione informatizzata dei dati, attivit\u00e0 di valorizzazione e comunicazione.<\/p>\n<p style=\"text-align: justify;\">\u00a0<\/p>\n<div class=\"row row-collapse row-full-width align-middle\"  id=\"row-1022304266\">\n\n\n\t<div id=\"col-39803082\" class=\"col medium-6 large-6\"  >\n\t\t\t\t<div class=\"col-inner\"  >\n\t\t\t\n\t\t\t\n\n\t<div class=\"img has-hover x md-x lg-x y md-y lg-y\" id=\"image_251638075\">\n\t\t<a class=\"image-lightbox lightbox-gallery\" title=\"\" href=\"https:\/\/orienteantico.unimi.it\/wp-content\/uploads\/2022\/07\/Fig_01-scaled.jpg\">\t\t\t\t\t\t<div class=\"img-inner image-cover dark\" style=\"padding-top:56.25%;\">\n\t\t\t<img loading=\"lazy\" decoding=\"async\" width=\"1020\" height=\"721\" src=\"https:\/\/orienteantico.unimi.it\/wp-content\/uploads\/2022\/07\/Fig_01-1131x800.jpg\" class=\"attachment-large size-large\" alt=\"Hama_Historical\" srcset=\"https:\/\/orienteantico.unimi.it\/wp-content\/uploads\/2022\/07\/Fig_01-1131x800.jpg 1131w, https:\/\/orienteantico.unimi.it\/wp-content\/uploads\/2022\/07\/Fig_01-566x400.jpg 566w, https:\/\/orienteantico.unimi.it\/wp-content\/uploads\/2022\/07\/Fig_01-768x543.jpg 768w, https:\/\/orienteantico.unimi.it\/wp-content\/uploads\/2022\/07\/Fig_01-1536x1086.jpg 1536w, https:\/\/orienteantico.unimi.it\/wp-content\/uploads\/2022\/07\/Fig_01-2048x1448.jpg 2048w\" sizes=\"auto, (max-width: 1020px) 100vw, 1020px\" \/>\t\t\t\t\t\t\n\t\t\t\t\t<\/div>\n\t\t\t\t\t\t<\/a>\t\t\n<style>\n#image_251638075 {\n  width: 100%;\n}\n<\/style>\n\t<\/div>\n\t\n\n\n\t\t<\/div>\n\t\t\t\t\t<\/div>\n\n\t\n\n\t<div id=\"col-2080543649\" class=\"col medium-6 small-12 large-6\"  >\n\t\t\t\t<div class=\"col-inner\"  >\n\t\t\t\n\t\t\t\n\n<a href=\"http:\/\/orienteantico-db.unimi.it\/hama\" class=\"button primary is-underline expand\"  >\n\t\t<span>vai al sito del progetto<\/span>\n\t<i class=\"icon-play\" aria-hidden=\"true\" ><\/i><\/a>\n\n\n\n\t\t<\/div>\n\t\t\t\t\t<\/div>\n\n\t\n\n<\/div>\n\n\t\t<\/div>\n\t\t\t\t\t<\/div>\n\n\t\n\n<\/div>\n\n<div class=\"message-box relative dark\" ><div class=\"message-box-bg-image bg-fill fill\" ><\/div><div class=\"message-box-bg-overlay bg-fill fill\" style=\"background-color:rgba(74, 74, 74, 0.88);\"><\/div><div class=\"container relative\"><div class=\"inner last-reset\">\n\n<div class=\"row align-middle\"  id=\"row-615695583\">\n\n\n\t<div id=\"col-1808855914\" class=\"col medium-2 small-12 large-2\"  >\n\t\t\t\t<div class=\"col-inner\"  >\n\t\t\t\n\t\t\t\n\n\n\t\t<\/div>\n\t\t\t\t\t<\/div>\n\n\t\n\n\t<div id=\"col-808185805\" class=\"col medium-8 small-12 large-8\"  >\n\t\t\t\t<div class=\"col-inner\"  >\n\t\t\t\n\t\t\t\n\n<h2 class=\"uppercase\" style=\"text-align: center;\"><span style=\"font-size: 70%;\">OPEN HAMA<\/span><\/h2>\n<p style=\"text-align: justify;\" ><span style=\"font-size: 70%;\">Oriente Antico UniMi crede nei principi di una ricerca scientifica aperta e sostiene assieme all\u2019Universit\u00e0 degli Studi di Milano una politica di condivisione e accessibilit\u00e0 dei dati. Tutta la documentazione \u00e8 accessibile alla comunit\u00e0 scientifica tramite un Web GIS, ospitato nel Dataverse\u00ae, una piattaforma open source per la gestione e condivisione dei dati adottata da molte istituzioni universitarie e di ricerca mondiali.<\/span><\/p>\n\n\t\t<\/div>\n\t\t\t\t\t<\/div>\n\n\t\n\n\t<div id=\"col-1972669334\" class=\"col medium-3 small-12 large-3\"  >\n\t\t\t\t<div class=\"col-inner text-right\"  >\n\t\t\t\n\t\t\t\n\n<a data-animate=\"flipInY\" class=\"button white is-outline is-small hidden\"  >\n\t\t<span>vai al sito - (online soon)<\/span>\n\t<\/a>\n\n\n\n\t\t<\/div>\n\t\t\t\t\t<\/div>\n\n\t\n\n<\/div>\n\n<\/div><\/div><\/div>\n\t<div id=\"gap-1238248327\" class=\"gap-element clearfix\" style=\"display:block; height:auto;\">\n\t\t\n<style>\n#gap-1238248327 {\n  padding-top: 30px;\n}\n<\/style>\n\t<\/div>\n\t\n\n<div class=\"row row-large align-center row-divided\"  id=\"row-1134288340\">\n\n\n\t<div id=\"col-1983454089\" class=\"col medium-4 small-12 large-4\"  >\n\t\t\t\t<div class=\"col-inner\"  >\n\t\t\t\n\t\t\t\n\n\n\t<a class=\"plain\" href=\"https:\/\/orienteantico.unimi.it\/hama_team\/\" >\t<div class=\"icon-box featured-box icon-box-center text-center\"  style=\"margin:0px 0px 0px 0px;\">\n\t\t\t\t\t<div class=\"icon-box-img\" style=\"width: 60px\">\n\t\t\t\t<div class=\"icon\">\n\t\t\t\t\t<div class=\"icon-inner\" >\n\t\t\t\t\t\t<img loading=\"lazy\" decoding=\"async\" width=\"400\" height=\"400\" src=\"https:\/\/orienteantico.unimi.it\/wp-content\/uploads\/2020\/04\/team-400x400.png\" class=\"attachment-medium size-medium\" alt=\"\" srcset=\"https:\/\/orienteantico.unimi.it\/wp-content\/uploads\/2020\/04\/team-400x400.png 400w, https:\/\/orienteantico.unimi.it\/wp-content\/uploads\/2020\/04\/team-280x280.png 280w, https:\/\/orienteantico.unimi.it\/wp-content\/uploads\/2020\/04\/team.png 512w\" sizes=\"auto, (max-width: 400px) 100vw, 400px\" \/>\t\t\t\t\t<\/div>\n\t\t\t\t<\/div>\n\t\t\t<\/div>\n\t\t\t\t<div class=\"icon-box-text last-reset\">\n\t\t\t<h5 class=\"uppercase\">Team<\/h5>\t\t\t\t\t\t\n\n\n\t\t<\/div>\n\t<\/div>\n\t<\/a>\n\t\n\n\t\t<\/div>\n\t\t\t\t\t<\/div>\n\n\t\n\n\t<div id=\"col-1186517542\" class=\"col medium-4 small-11 large-4 col-divided\"  >\n\t\t\t\t<div class=\"col-inner\"  >\n\t\t\t\n\t\t\t\n\n\n\t<a class=\"plain\" href=\"https:\/\/orienteantico.unimi.it\/hama_pubblicazioni\/\" >\t<div class=\"icon-box featured-box icon-box-center text-center\"  style=\"margin:0px 0px 0px 0px;\">\n\t\t\t\t\t<div class=\"icon-box-img\" style=\"width: 60px\">\n\t\t\t\t<div class=\"icon\">\n\t\t\t\t\t<div class=\"icon-inner\" >\n\t\t\t\t\t\t<img loading=\"lazy\" decoding=\"async\" width=\"400\" height=\"400\" src=\"https:\/\/orienteantico.unimi.it\/wp-content\/uploads\/2020\/01\/open-book-400x400.png\" class=\"attachment-medium size-medium\" alt=\"\" srcset=\"https:\/\/orienteantico.unimi.it\/wp-content\/uploads\/2020\/01\/open-book-400x400.png 400w, https:\/\/orienteantico.unimi.it\/wp-content\/uploads\/2020\/01\/open-book-280x280.png 280w, https:\/\/orienteantico.unimi.it\/wp-content\/uploads\/2020\/01\/open-book.png 512w\" sizes=\"auto, (max-width: 400px) 100vw, 400px\" \/>\t\t\t\t\t<\/div>\n\t\t\t\t<\/div>\n\t\t\t<\/div>\n\t\t\t\t<div class=\"icon-box-text last-reset\">\n\t\t\t<h5 class=\"uppercase\">Pubblicazioni<\/h5>\t\t\t\t\t\t\n\n\n\t\t<\/div>\n\t<\/div>\n\t<\/a>\n\t\n\n\t\t<\/div>\n\t\t\t\t\t<\/div>\n\n\t\n\n\n<\/div>\n<div class=\"message-box relative dark\" style=\"padding-top:49px;padding-bottom:49px;\"><div class=\"message-box-bg-image bg-fill fill\" ><\/div><div class=\"message-box-bg-overlay bg-fill fill\" style=\"background-color:rgba(74, 74, 74, 0.33);\"><\/div><div class=\"container relative\"><div class=\"inner last-reset\">\n\n<div class=\"row align-middle\"  id=\"row-81602569\">\n\n\n\t<div id=\"col-634888555\" class=\"col medium-5 small-12 large-5\"  >\n\t\t\t\t<div class=\"col-inner text-center\"  >\n\t\t\t\n\t\t\t\n\n\t<div id=\"gap-1764582435\" class=\"gap-element clearfix show-for-small\" style=\"display:block; height:auto;\">\n\t\t\n<style>\n#gap-1764582435 {\n  padding-top: 30px;\n}\n<\/style>\n\t<\/div>\n\t\n\n\n\t\t<\/div>\n\t\t\t\t\t<\/div>\n\n\t\n\n<\/div>\n\n<\/div><\/div><\/div>\n\n","protected":false},"excerpt":{"rendered":"","protected":false},"author":1,"featured_media":0,"parent":0,"menu_order":0,"comment_status":"closed","ping_status":"closed","template":"page-blank.php","meta":{"footnotes":""},"class_list":["post-4265","page","type-page","status-publish","hentry"],"_links":{"self":[{"href":"https:\/\/orienteantico.unimi.it\/it\/wp-json\/wp\/v2\/pages\/4265","targetHints":{"allow":["GET"]}}],"collection":[{"href":"https:\/\/orienteantico.unimi.it\/it\/wp-json\/wp\/v2\/pages"}],"about":[{"href":"https:\/\/orienteantico.unimi.it\/it\/wp-json\/wp\/v2\/types\/page"}],"author":[{"embeddable":true,"href":"https:\/\/orienteantico.unimi.it\/it\/wp-json\/wp\/v2\/users\/1"}],"replies":[{"embeddable":true,"href":"https:\/\/orienteantico.unimi.it\/it\/wp-json\/wp\/v2\/comments?post=4265"}],"version-history":[{"count":7,"href":"https:\/\/orienteantico.unimi.it\/it\/wp-json\/wp\/v2\/pages\/4265\/revisions"}],"predecessor-version":[{"id":5959,"href":"https:\/\/orienteantico.unimi.it\/it\/wp-json\/wp\/v2\/pages\/4265\/revisions\/5959"}],"wp:attachment":[{"href":"https:\/\/orienteantico.unimi.it\/it\/wp-json\/wp\/v2\/media?parent=4265"}],"curies":[{"name":"wp","href":"https:\/\/api.w.org\/{rel}","templated":true}]}}