{"id":4149,"date":"2022-07-21T17:37:59","date_gmt":"2022-07-21T15:37:59","guid":{"rendered":"https:\/\/orienteantico.unimi.it\/?page_id=4149"},"modified":"2023-02-20T16:25:28","modified_gmt":"2023-02-20T15:25:28","slug":"hama_pubblicazioni","status":"publish","type":"page","link":"https:\/\/orienteantico.unimi.it\/it\/hama_pubblicazioni\/","title":{"rendered":"HAMA_Pubblicazioni"},"content":{"rendered":"\n\n  <div class=\"banner has-hover\" id=\"banner-400547199\">\n          <div class=\"banner-inner fill\">\n        <div class=\"banner-bg fill\" >\n            <img loading=\"lazy\" decoding=\"async\" width=\"2560\" height=\"1955\" src=\"https:\/\/orienteantico.unimi.it\/wp-content\/uploads\/2022\/07\/Fig_02-1-scaled.jpg\" class=\"bg attachment-original size-original\" alt=\"Hama_aerial\" \/>                        <div class=\"overlay\"><\/div>            \n                    <\/div>\n\t\t\n        <div class=\"banner-layers container\">\n            <div class=\"fill banner-link\"><\/div>            \n\n   <div id=\"text-box-1038666656\" class=\"text-box banner-layer x50 md-x50 lg-x50 y85 md-y85 lg-y85 res-text\">\n                     <div data-animate=\"fadeInUp\">           <div class=\"text-box-content text \">\n              \n              <div class=\"text-inner text-center\">\n                  \n\n<h3><span style=\"font-size: 170%;\"><strong>Pubblicazioni<\/strong><\/span><\/h3>\n<div class=\"is-divider divider clearfix\" ><\/div>\n\n\n              <\/div>\n           <\/div>\n       <\/div>                     \n<style>\n#text-box-1038666656 {\n  width: 85%;\n}\n#text-box-1038666656 .text-box-content {\n  font-size: 100%;\n}\n@media (min-width:550px) {\n  #text-box-1038666656 {\n    width: 61%;\n  }\n}\n<\/style>\n    <\/div>\n \n\n        <\/div>\n      <\/div>\n\n            \n<style>\n#banner-400547199 {\n  padding-top: 30%;\n}\n#banner-400547199 .overlay {\n  background-color: rgba(255, 255, 255, 0.21);\n}\n#banner-400547199 .banner-bg img {\n  object-position: 56% 19%;\n}\n<\/style>\n  <\/div>\n\n\n\n\t<section class=\"section\" id=\"section_813182340\">\n\t\t<div class=\"section-bg fill\" >\n\t\t\t\t\t\t\t\t\t\n\t\t\t\n\t<div class=\"is-border\"\n\t\tstyle=\"border-color:rgb(235, 235, 235);border-width:1px 0px 0px 0px;\">\n\t<\/div>\n\n\t\t<\/div>\n\n\t\t\n\n\t\t<div class=\"section-content relative\">\n\t\t\t\n\n<div class=\"row row-collapse row-solid\"  id=\"row-1333778381\">\n\n\n\t<div id=\"col-2142419031\" class=\"col medium-4 small-12 large-4\"  >\n\t\t\t\t<div class=\"col-inner\"  >\n\t\t\t\n\t\t\t\n\n<h3>Bibliografia essenziale su Hama<\/h3>\n\n\t\t<\/div>\n\t\t\t\t\t<\/div>\n\n\t\n\n\t<div id=\"col-916049717\" class=\"col medium-8 small-12 large-8\"  >\n\t\t\t\t<div class=\"col-inner\"  >\n\t\t\t\n\t\t\t\n\n<p>Fugmann, E. 1958: <em>Hama: Fouilles et recherches de la Fondation Ny Carlsberg 1931\u20131938, II, 1: L\u2019ar\u00adchitecture des p\u00e9riodes pr\u00e9-hell\u00e9nistiques<\/em>, Copenhague.<\/p>\n<p>Ingholt, H. 1934: <em>Rapport pr\u00e9liminaire sur la premi\u00e8re campagne des fouilles de Hama en Syrie <\/em>(AM 1, 3), K\u00f8benhavn.<\/p>\n<p>Ingholt, H. 1940: <em>Rapport pr\u00e9liminaire sur sept campagnes de fouilles \u00e0 Hama en Syrie (1932\u20131938) <\/em>(AM 3, 1), Copenhague.<\/p>\n<p>Mouamar, G. 2017: De nouvelles donn\u00e9es sur les gobelets de Hama: marqueurs de la chro\u00adnologie et des \u00e9changes de Syrie centrale pendant la seconde moiti\u00e9 du 3e mill\u00e9naire avant J.-C., <em>Pal\u00e9orient <\/em>43\/2: 69\u201389.<\/p>\n<p>Thuesen, I. 1988: <em>Hama: Fouilles et recherches de la Fondation Ny Carlsberg 1931\u20131938, I: The Pre-and Protohistoric Periods<\/em>, Copenhague.<\/p>\n<p>Vacca, A., Mouamar, G., D\u2019Andrea, M., Lumsden, S. 2018: A Fresh Look at Hama in an Interregional Context. New Data from Phase J Materials in the National Museum of Denmark. <em>Studia Eblaitica<\/em> 4: 17-58.<\/p>\n<p>Vacca, A., Tumolo, V., Mouamar, G., Lumsden, S. in press: <strong>S<\/strong>eal-Impressed Vessels at Hama, Syria (<em>c<\/em>. 2500-2000 BC), in N. Kallas, R. Palermo (eds), <em>Bridging the Gap: Disciplines, Times and Spaces in Dialogue, Volume 2: Sessions 3, 7 and 8 from the Conference Broadening Horizons 6 Held at the Frei Universit\u00e4t Berlin, 24-28 June 2019<\/em>, Archeopress.<\/p>\n\n\t\t<\/div>\n\t\t\t\t\t<\/div>\n\n\t\n\n<\/div>\n<div class=\"row\"  id=\"row-499094104\">\n\n\n\t<div id=\"col-1937753443\" class=\"col medium-4 small-12 large-4\"  >\n\t\t\t\t<div class=\"col-inner\"  >\n\t\t\t\n\t\t\t\n\n<a href=\"https:\/\/orienteantico.unimi.it\/hama\/\" class=\"button primary is-outline expand\"  >\n\t<i class=\"icon-angle-left\" aria-hidden=\"true\" ><\/i>\t<span>Hama project<\/span>\n\t<\/a>\n\n\n\n\t\t<\/div>\n\t\t\t\t\t<\/div>\n\n\t\n\n\t<div id=\"col-1176249094\" class=\"col medium-4 small-12 large-4\"  >\n\t\t\t\t<div class=\"col-inner\"  >\n\t\t\t\n\t\t\t\n\n\n\t\t<\/div>\n\t\t\t\t\t<\/div>\n\n\t\n\n\t<div id=\"col-1119506135\" class=\"col medium-4 small-12 large-4\"  >\n\t\t\t\t<div class=\"col-inner\"  >\n\t\t\t\n\t\t\t\n\n\n\t\t<\/div>\n\t\t\t\t\t<\/div>\n\n\t\n\n<\/div>\n\n\t\t<\/div>\n\n\t\t\n<style>\n#section_813182340 {\n  padding-top: 27px;\n  padding-bottom: 27px;\n  background-color: rgb(245, 245, 245);\n}\n<\/style>\n\t<\/section>\n\t\n\n","protected":false},"excerpt":{"rendered":"","protected":false},"author":1,"featured_media":0,"parent":0,"menu_order":0,"comment_status":"closed","ping_status":"closed","template":"page-transparent-header.php","meta":{"footnotes":""},"class_list":["post-4149","page","type-page","status-publish","hentry"],"_links":{"self":[{"href":"https:\/\/orienteantico.unimi.it\/it\/wp-json\/wp\/v2\/pages\/4149","targetHints":{"allow":["GET"]}}],"collection":[{"href":"https:\/\/orienteantico.unimi.it\/it\/wp-json\/wp\/v2\/pages"}],"about":[{"href":"https:\/\/orienteantico.unimi.it\/it\/wp-json\/wp\/v2\/types\/page"}],"author":[{"embeddable":true,"href":"https:\/\/orienteantico.unimi.it\/it\/wp-json\/wp\/v2\/users\/1"}],"replies":[{"embeddable":true,"href":"https:\/\/orienteantico.unimi.it\/it\/wp-json\/wp\/v2\/comments?post=4149"}],"version-history":[{"count":2,"href":"https:\/\/orienteantico.unimi.it\/it\/wp-json\/wp\/v2\/pages\/4149\/revisions"}],"predecessor-version":[{"id":4185,"href":"https:\/\/orienteantico.unimi.it\/it\/wp-json\/wp\/v2\/pages\/4149\/revisions\/4185"}],"wp:attachment":[{"href":"https:\/\/orienteantico.unimi.it\/it\/wp-json\/wp\/v2\/media?parent=4149"}],"curies":[{"name":"wp","href":"https:\/\/api.w.org\/{rel}","templated":true}]}}