{"id":1967,"date":"2020-05-31T17:58:37","date_gmt":"2020-05-31T15:58:37","guid":{"rendered":"https:\/\/orienteantico.unimi.it\/?page_id=1967"},"modified":"2024-06-21T11:58:43","modified_gmt":"2024-06-21T09:58:43","slug":"paik_pubblicazioni","status":"publish","type":"page","link":"https:\/\/orienteantico.unimi.it\/it\/paik_pubblicazioni\/","title":{"rendered":"PAIK &#8211; Pubblicazioni"},"content":{"rendered":"\n\n  <div class=\"banner has-hover\" id=\"banner-1540571381\">\n          <div class=\"banner-inner fill\">\n        <div class=\"banner-bg fill\" >\n            <img loading=\"lazy\" decoding=\"async\" width=\"6000\" height=\"4000\" src=\"https:\/\/orienteantico.unimi.it\/wp-content\/uploads\/2020\/05\/DSC_1141.jpg\" class=\"bg attachment-original size-original\" alt=\"\" \/>                        <div class=\"overlay\"><\/div>            \n                    <\/div>\n\t\t\n        <div class=\"banner-layers container\">\n            <div class=\"fill banner-link\"><\/div>            \n\n   <div id=\"text-box-470369784\" class=\"text-box banner-layer x50 md-x50 lg-x50 y85 md-y85 lg-y85 res-text\">\n                     <div data-animate=\"fadeInUp\">           <div class=\"text-box-content text \">\n              \n              <div class=\"text-inner text-center\">\n                  \n\n<h3><span style=\"font-size: 170%;\"><strong>Pubblicazioni<\/strong><\/span><\/h3>\n<div class=\"is-divider divider clearfix\" ><\/div>\n\n\n              <\/div>\n           <\/div>\n       <\/div>                     \n<style>\n#text-box-470369784 {\n  width: 85%;\n}\n#text-box-470369784 .text-box-content {\n  font-size: 100%;\n}\n@media (min-width:550px) {\n  #text-box-470369784 {\n    width: 61%;\n  }\n}\n<\/style>\n    <\/div>\n \n\n        <\/div>\n      <\/div>\n\n            \n<style>\n#banner-1540571381 {\n  padding-top: 30%;\n}\n#banner-1540571381 .overlay {\n  background-color: rgba(255, 255, 255, 0.21);\n}\n#banner-1540571381 .banner-bg img {\n  object-position: 5% 62%;\n}\n<\/style>\n  <\/div>\n\n\n\n\t<section class=\"section\" id=\"section_934870346\">\n\t\t<div class=\"section-bg fill\" >\n\t\t\t\t\t\t\t\t\t\n\t\t\t\n\t<div class=\"is-border\"\n\t\tstyle=\"border-color:rgb(235, 235, 235);border-width:1px 0px 0px 0px;\">\n\t<\/div>\n\n\t\t<\/div>\n\n\t\t\n\n\t\t<div class=\"section-content relative\">\n\t\t\t\n\n<div class=\"row row-collapse row-solid\"  id=\"row-2012342443\">\n\n\n\t<div id=\"col-712480430\" class=\"col medium-4 small-12 large-4\"  >\n\t\t\t\t<div class=\"col-inner\"  >\n\t\t\t\n\t\t\t\n\n<h3>Bibliografia essenziale su K\u00fcltepe\/Kanesh<\/h3>\n\n\t\t<\/div>\n\t\t\t\t\t<\/div>\n\n\t\n\n\t<div id=\"col-944164456\" class=\"col medium-8 small-12 large-8\"  >\n\t\t\t\t<div class=\"col-inner\"  >\n\t\t\t\n\t\t\t\n\n<p><strong>Atici, L.-&nbsp; Kulako\u011flu, F. &#8211; Barjamovic, G. &#8211; Fairbairn, A. (eds) 2014<\/strong>: <i>Current Research at K\u00fcltepe-Kanesh. An Interdisciplinary and Integrative Approach to Trade Networks, Internationalism, and Identity<\/i>, JCS Suppl. Series 4, Atlanta.<\/p>\n<p><span style=\"font-weight: 400;\"><strong>Barjamovic, G.<\/strong> <strong>2011<\/strong>: <\/span><i><span style=\"font-weight: 400;\">A Historical Geography of Anatolia in the Old Assyrian Colony Period<\/span><\/i><span style=\"font-weight: 400;\">, K\u00f8benhavn.<\/span><\/p>\n<p><span style=\"font-weight: 400;\"><strong>Dercksen, G.D. 1996<\/strong>: <\/span><i><span style=\"font-weight: 400;\">The Old Assyrian Copper Trade in Anatolia<\/span><\/i><span style=\"font-weight: 400;\">, Istanbul.<\/span><\/p>\n<p><span style=\"font-weight: 400;\"><strong>Dercksen, J.G. (ed.) 2008<\/strong>: <\/span><i><span style=\"font-weight: 400;\">Anatolia and the Jazira during the Old Assyrian Period, <\/span><\/i><span style=\"font-weight: 400;\">Old Assyrian Archives Studies 3<\/span><span style=\"font-weight: 400;\"> (= PIHANS 111), Leiden.<\/span><\/p>\n<p><span style=\"font-weight: 400;\"><strong>Emre, K.<\/strong> <strong>1971<\/strong>: <\/span><i><span style=\"font-weight: 400;\">Anatolian Lead Figurines and Their Stone Moulds<\/span><\/i><span style=\"font-weight: 400;\">, Ankara.<\/span><\/p>\n<p><span style=\"font-weight: 400;\"><strong>Emre, K. &#8211; Hrouda, B. &#8211; Mellink, M. &#8211; \u00d6zg\u00fc\u00e7, N. (eds)<\/strong> <strong>1989<\/strong>: <\/span><i><span style=\"font-weight: 400;\">Anatolia and the Ancient Near East. Studies in Honor of Tahsin \u00d6zg\u00fc\u00e7<\/span><\/i><span style=\"font-weight: 400;\">, Ankara.<\/span><\/p>\n<p><strong>Kulako\u011flu, F. &#8211; Barjamovic, G. (eds)<\/strong> 2017: <i>Movement, Resources, Interaction. Proceedings of the 2<\/i><i>nd<\/i><i> K\u00fcltepe International Meeting, K\u00fcltepe, 26-30 July 2015<\/i>, Subartu 39, Turnhout.<\/p>\n<p><span style=\"font-weight: 400;\"><strong>Kulako\u011flu, F. &#8211; Kangal, S. (eds)<\/strong> <strong>2011<\/strong>: <\/span><i><span style=\"font-weight: 400;\">Anatolia\u2019s Prologue. K\u00fcltepe Kanesh Karum, Assyrians in Istanbul<\/span><\/i><span style=\"font-weight: 400;\">, Kayseri Metropolitan Municipality,<\/span> <span style=\"font-weight: 400;\">Istanbul.<\/span><\/p>\n<p><strong>Kulako\u011flu, F. &#8211; Michel C.&nbsp;<\/strong><strong>(eds)<\/strong> <strong>2015<\/strong>: <i>Proceedings of the 1<\/i><i>st<\/i><i> K\u00fcltepe International Meeting, K\u00fcltepe, 19-23 September, 2013<\/i>, Subartu 35, Turnhout.<\/p>\n<p><span style=\"font-weight: 400;\"><strong>Kulako\u011flu, F. &#8211; Michel, C. &#8211; \u00d6zt\u00fcrk, G. (eds)<\/strong> <strong>2020<\/strong>: <\/span><i><span style=\"font-weight: 400;\">Integrative Approaches to the Archaeology and History of K\u00fcltepe-Kane\u0161. K\u00fcltepe, 4-7 August 2017<\/span><\/i><span style=\"font-weight: 400;\">, Subartu 55, Turnhout.<\/span><\/p>\n<p><strong>Larsen, M.T.<\/strong> <span style=\"font-weight: 400;\"><strong>1967<\/strong><\/span>: <i>Old Assyrian Caravan Procedures<\/i>, Istanbul.<\/p>\n<p><strong>Larsen, M.T.<\/strong> <span style=\"font-weight: 400;\"><strong>2015<\/strong><\/span>: <i>Ancient Kanesh. A Merchant Colony in Bronze Age Anatolia<\/i>, Cambridge.<\/p>\n<p><span style=\"font-weight: 400;\"><strong>Michel, C. 2001<\/strong>: <\/span><i><span style=\"font-weight: 400;\">Correspondance des marchands de Kani\u0161 au d\u00e9but du IIe mill\u00e9naire avant J.-C.<\/span><\/i><span style=\"font-weight: 400;\">, Paris.<\/span><\/p>\n<p><span style=\"font-weight: 400;\"><strong>Michel, C. 2003<\/strong>: <\/span><i><span style=\"font-weight: 400;\">Old Assyrian Bibliography of Cuneiform Texts, Bullae, Seals and the Results of the Excavations at A\u0161\u0161ur, K\u00fcltepe\/Kani\u0161, Acemh\u00f6y\u00fck, Ali\u015far and Bo\u011fazk\u00f6y<\/span><\/i><span style=\"font-weight: 400;\">, PIHANS 97, Leiden.<\/span><\/p>\n<p><span style=\"font-weight: 400;\"><strong>\u00d6zg\u00fc\u00e7, N.<\/strong> <strong>1965<\/strong>: <\/span><i><span style=\"font-weight: 400;\">The Anatolian Group of Cylinder Impressions from K\u00fcltepe<\/span><\/i><span style=\"font-weight: 400;\">, TTKY V\/22, Ankara.<\/span><\/p>\n<p><span style=\"font-weight: 400;\"><strong>\u00d6zg\u00fc\u00e7, N.<\/strong> <strong>1968<\/strong>: <\/span><i><span style=\"font-weight: 400;\">Seal and Seal Impressions of Level Ib from Karum Kanish<\/span><\/i><span style=\"font-weight: 400;\">, TTKY V\/25, Ankara.<\/span><\/p>\n<p><span style=\"font-weight: 400;\"><strong>\u00d6zg\u00fc\u00e7, T. 1959<\/strong>: <\/span><i><span style=\"font-weight: 400;\">K\u00fcltepe-Kani\u0161. New Researches at the Center of the Assyrian Trade Colony<\/span><\/i><span style=\"font-weight: 400;\">, TTKY V\/19, Ankara.<\/span><\/p>\n<p><span style=\"font-weight: 400;\"><strong>\u00d6zg\u00fc\u00e7, T.<\/strong> <strong>1986<\/strong>: <\/span><i><span style=\"font-weight: 400;\">K\u00fcltepe-Kani\u0161 II. New Researches at the Trading Center of the Ancient Near East<\/span><\/i><span style=\"font-weight: 400;\">, TTKY V\/41, Ankara.<\/span><\/p>\n<p><span style=\"font-weight: 400;\"><strong>\u00d6zg\u00fc\u00e7, T.<\/strong> <strong>1999<\/strong>: <\/span><i><span style=\"font-weight: 400;\">The Palaces and Temples of K\u00fcltepe-Kani\u0161\/Ne\u0161a<\/span><\/i><span style=\"font-weight: 400;\">, TTKY V\/46, Ankara.<\/span><\/p>\n<p><span style=\"font-weight: 400;\"><strong>\u00d6zg\u00fc\u00e7, T.<\/strong> <strong>2003<\/strong>: <\/span><i><span style=\"font-weight: 400;\">K\u00fcltepe, Kani\u0161\/Ne\u0161a. The Earliest International Center and the Oldest Capital of the Hittites<\/span><\/i><span style=\"font-weight: 400;\">, Tokyo.<\/span><\/p>\n<p><span style=\"font-weight: 400;\"><strong>Teissier, B. 1994<\/strong>: <\/span><i><span style=\"font-weight: 400;\">Sealing and Seals on Texts from K\u00fcltepe k\u0101rum Level 2<\/span><\/i><span style=\"font-weight: 400;\">, PIHANS 70, Leiden-Istanbul.<\/span><\/p>\n<p><strong>Veenhof, K.R. 1972<\/strong>: <i>Aspects of Old Assyrian Trade and its Terminology<\/i>, Leiden.<\/p>\n\n\t\t<\/div>\n\t\t\t\t\t<\/div>\n\n\t\n\n<\/div>\n\n\t\t<\/div>\n\n\t\t\n<style>\n#section_934870346 {\n  padding-top: 27px;\n  padding-bottom: 27px;\n  background-color: rgb(245, 245, 245);\n}\n<\/style>\n\t<\/section>\n\t\n\n\t<section class=\"section\" id=\"section_195200218\">\n\t\t<div class=\"section-bg fill\" >\n\t\t\t\t\t\t\t\t\t\n\t\t\t\n\t<div class=\"is-border\"\n\t\tstyle=\"border-color:rgb(235, 235, 235);border-width:1px 0px 0px 0px;\">\n\t<\/div>\n\n\t\t<\/div>\n\n\t\t\n\n\t\t<div class=\"section-content relative\">\n\t\t\t\n\n<div class=\"row row-collapse row-solid\"  id=\"row-480749247\">\n\n\n\t<div id=\"col-473064422\" class=\"col medium-4 small-12 large-4\"  >\n\t\t\t\t<div class=\"col-inner\"  >\n\t\t\t\n\t\t\t\n\n<h3>Pubblicazioni PAIK<\/h3>\n\n\t\t<\/div>\n\t\t\t\t\t<\/div>\n\n\t\n\n\t<div id=\"col-958652302\" class=\"col medium-8 small-12 large-8\"  >\n\t\t\t\t<div class=\"col-inner\"  >\n\t\t\t\n\t\t\t\n\n<p><strong>Kulako\u011flu, F. &#8211; Peyronel, L. &#8211; Minniti, C. 2024:<\/strong> <em><span class=\"NormalTextRun SCXW10511662 BCX8\">Of Lions and Sheep: Animal Exploitation at <\/span><span class=\"NormalTextRun SpellingErrorV2Themed SCXW10511662 BCX8\">K\u00fcltepe<\/span><span class=\"NormalTextRun SCXW10511662 BCX8\"> and in Central Anatolia during the Middle <\/span><\/em><span class=\"NormalTextRun SCXW10511662 BCX8\"><em>Bronze<\/em> Age.<\/span>\u00a0In: F. Kulako\u011flu &#8211; C. Michel (eds.), <span class=\"NormalTextRun SpellingErrorV2Themed SCXW10511662 BCX8\">K\u00fcltep<\/span><span class=\"NormalTextRun SpellingErrorV2Themed SCXW10511662 BCX8\">e at the Crossroads between Disciplines. Society, Settlement and Environment from the Fourth to the First Millennium BC, KIM 5 (K\u00fcltepe International Meeting 5), Brepols:<\/span> pp. 167-178.\u202f\u00a0<\/p>\n<p><strong>Kulako\u011flu, F. &#8211; Peyronel, L. &#8211; Oselini, V. &#8211; Vacca, A. 2024:<\/strong> <em><span class=\"NormalTextRun SCXW10511662 BCX8\">The Settlement Sequence of <\/span><span class=\"NormalTextRun SpellingErrorV2Themed SCXW10511662 BCX8\">K\u00fcltepe<\/span><span class=\"NormalTextRun SCXW10511662 BCX8\"> from the Late Early to the Middle Bronze Age<\/span><span class=\"NormalTextRun SCXW10511662 BCX8\">. Stratigraphic and Ceramic Periodization from Recent Excavations in the Southern Sector of the Mound<\/span><\/em><span class=\"NormalTextRun SCXW10511662 BCX8\">.<\/span>\u00a0In: F. Kulako\u011flu &#8211; C. Michel (eds.), <span class=\"NormalTextRun SpellingErrorV2Themed SCXW10511662 BCX8\">K\u00fcltep<\/span><span class=\"NormalTextRun SpellingErrorV2Themed SCXW10511662 BCX8\">e at the Crossroads between Disciplines. Society, Settlement and Environment from the Fourth to the First Millennium BC, KIM 5 (K\u00fcltepe International Meeting 5), Brepols:<\/span> pp. 184-206.\u202f\u00a0<\/p>\n<p><strong>Kulako\u011flu, F. &#8211; Peyronel, L. 2024:<\/strong> <em><span class=\"NormalTextRun SCXW10511662 BCX8\">Recent Excavations on the Mound of <\/span><span class=\"NormalTextRun SpellingErrorV2Themed SCXW10511662 BCX8\">K\u00fcltepe<\/span><span class=\"NormalTextRun SCXW10511662 BCX8\">. A New Public Building from the End of the Karum Period at<\/span> <span class=\"NormalTextRun SpellingErrorV2Themed SCXW10511662 BCX8\">Kane\u0161<\/span><span class=\"NormalTextRun SCXW10511662 BCX8\">\/ <\/span><span class=\"NormalTextRun SpellingErrorV2Themed SCXW10511662 BCX8\">Ne\u0161a<\/span><\/em><span class=\"NormalTextRun SCXW10511662 BCX8\">.<\/span>\u00a0In: F. Kulako\u011flu &#8211; C. Michel (eds.), <span class=\"NormalTextRun SpellingErrorV2Themed SCXW10511662 BCX8\">K\u00fcltep<\/span><span class=\"NormalTextRun SpellingErrorV2Themed SCXW10511662 BCX8\">e at the Crossroads between Disciplines. Society, Settlement and Environment from the Fourth to the First Millennium BC, KIM 5 (K\u00fcltepe International Meeting 5), Brepols:<\/span> pp. 257-274.\u202f\u00a0<\/p>\n<p><strong>Kulako\u011flu, F. &#8211; Peyronel, L. 2022:<\/strong> <em>L\u2019organizzazione dello spazio pubblico e privato a K\u00fcltepe tra Bronzo Medio ed Et\u00e0 del Ferro. Nuovi dati dal settore meridionale dell&#8217;insediamento.<\/em> In: Lo spazio pubblico, lo spazio privato. XI Convegno contributo delle missioni archeologiche italiane a scavi, ricerche e studi in Turchia. \/ Kamusal alan, \u00f6zel alan. XI T\u00fcrkiye\u2019deki arkeolojik \u00e7al\u0131\u015fmalara e\u011fitim, ara\u015ft\u0131rma ve kaz\u0131\u2019da \u0130talya katk\u0131s\u0131 sempozyumu, pp. 31-44.\u202f\u00a0<\/p>\n<p><strong>Peyronel L. &#8211; Vacca, A. 2021:<\/strong> <em>When Different Worlds Meet: Exchange Networks in Anatolia and the Northern Levant during the Third Millennium BC<\/em>. In: Fikri Kulako\u011flu, Guido Kryszat, C\u00e9cile Michel (edd), Cultural Exchange and Current Research in K\u00fcltepe and its Surroundings. KIM 4, K\u00fcltepe, 1\u20134 August 2019, Subartu 46, pp. 23-50.\u202f\u00a0<\/p>\n<p><strong>Peyronel, L. 2017:<\/strong> <em>From Ebla to Kanesh and Vice Versa. Reflections on Commercial Interactions and Exchanges between Northern Syria and Anatolia during the Middle Bronze Age<\/em>. In: Fikri Kulako\u011flu, Gojko Barjamovic (edd), Movement, resources, interaction: Proceedings of the 2nd K\u00fcltepe International Meeting. K\u00fcltepe, 26-30 July 2015. Studies Dedicated to Klaas Veenhof, Subartu 39, pp. 197-215.\u202f\u00a0<\/p>\n\n\t\t<\/div>\n\t\t\t\t\t<\/div>\n\n\t\n\n<\/div>\n<div class=\"row\"  id=\"row-828164217\">\n\n\n\t<div id=\"col-1608554205\" class=\"col medium-4 small-12 large-4\"  >\n\t\t\t\t<div class=\"col-inner\"  >\n\t\t\t\n\t\t\t\n\n<a href=\"https:\/\/orienteantico.unimi.it\/paik\/\" class=\"button primary is-outline expand\"  >\n\t<i class=\"icon-angle-left\" aria-hidden=\"true\" ><\/i>\t<span>PAIK<\/span>\n\t<\/a>\n\n\n\n\t\t<\/div>\n\t\t\t\t\t<\/div>\n\n\t\n\n\t<div id=\"col-968723837\" class=\"col medium-4 small-12 large-4\"  >\n\t\t\t\t<div class=\"col-inner\"  >\n\t\t\t\n\t\t\t\n\n\n\t\t<\/div>\n\t\t\t\t\t<\/div>\n\n\t\n\n\t<div id=\"col-1407601392\" class=\"col medium-4 small-12 large-4\"  >\n\t\t\t\t<div class=\"col-inner\"  >\n\t\t\t\n\t\t\t\n\n\n\t\t<\/div>\n\t\t\t\t\t<\/div>\n\n\t\n\n<\/div>\n\n\t\t<\/div>\n\n\t\t\n<style>\n#section_195200218 {\n  padding-top: 27px;\n  padding-bottom: 27px;\n  background-color: rgb(245, 245, 245);\n}\n<\/style>\n\t<\/section>\n\t\n\n","protected":false},"excerpt":{"rendered":"","protected":false},"author":1,"featured_media":0,"parent":0,"menu_order":0,"comment_status":"closed","ping_status":"closed","template":"page-transparent-header.php","meta":{"footnotes":""},"class_list":["post-1967","page","type-page","status-publish","hentry"],"_links":{"self":[{"href":"https:\/\/orienteantico.unimi.it\/it\/wp-json\/wp\/v2\/pages\/1967","targetHints":{"allow":["GET"]}}],"collection":[{"href":"https:\/\/orienteantico.unimi.it\/it\/wp-json\/wp\/v2\/pages"}],"about":[{"href":"https:\/\/orienteantico.unimi.it\/it\/wp-json\/wp\/v2\/types\/page"}],"author":[{"embeddable":true,"href":"https:\/\/orienteantico.unimi.it\/it\/wp-json\/wp\/v2\/users\/1"}],"replies":[{"embeddable":true,"href":"https:\/\/orienteantico.unimi.it\/it\/wp-json\/wp\/v2\/comments?post=1967"}],"version-history":[{"count":12,"href":"https:\/\/orienteantico.unimi.it\/it\/wp-json\/wp\/v2\/pages\/1967\/revisions"}],"predecessor-version":[{"id":5376,"href":"https:\/\/orienteantico.unimi.it\/it\/wp-json\/wp\/v2\/pages\/1967\/revisions\/5376"}],"wp:attachment":[{"href":"https:\/\/orienteantico.unimi.it\/it\/wp-json\/wp\/v2\/media?parent=1967"}],"curies":[{"name":"wp","href":"https:\/\/api.w.org\/{rel}","templated":true}]}}