{"id":5423,"date":"2025-01-15T10:16:30","date_gmt":"2025-01-15T09:16:30","guid":{"rendered":"https:\/\/orienteantico.unimi.it\/?page_id=5423"},"modified":"2025-01-15T10:34:14","modified_gmt":"2025-01-15T09:34:14","slug":"alanda","status":"publish","type":"page","link":"https:\/\/orienteantico.unimi.it\/en\/alanda\/","title":{"rendered":"ALandA"},"content":{"rendered":"\n<div class=\"slider-wrapper relative\" id=\"slider-124901008\" >\n    <div class=\"slider slider-nav-reveal slider-nav-large slider-nav-light slider-style-normal\"\n        data-flickity-options='{\n            \"cellAlign\": \"center\",\n            \"imagesLoaded\": true,\n            \"lazyLoad\": 1,\n            \"freeScroll\": false,\n            \"wrapAround\": true,\n            \"autoPlay\": 6000,\n            \"pauseAutoPlayOnHover\" : true,\n            \"prevNextButtons\": false,\n            \"contain\" : true,\n            \"adaptiveHeight\" : true,\n            \"dragThreshold\" : 10,\n            \"percentPosition\": true,\n            \"pageDots\": false,\n            \"rightToLeft\": false,\n            \"draggable\": false,\n            \"selectedAttraction\": 0.1,\n            \"parallax\" : 0,\n            \"friction\": 0.6        }'\n        >\n        \n\n\n  <div class=\"banner has-hover\" id=\"banner-976575065\">\n          <div class=\"banner-inner fill\">\n        <div class=\"banner-bg fill\" >\n            <img loading=\"lazy\" decoding=\"async\" width=\"1024\" height=\"682\" src=\"https:\/\/orienteantico.unimi.it\/wp-content\/uploads\/2024\/12\/ALandA1.jpg\" class=\"bg attachment-original size-original\" alt=\"\" \/>                                    \n                    <\/div>\n\t\t\n        <div class=\"banner-layers container\">\n            <div class=\"fill banner-link\"><\/div>            \n\n\n        <\/div>\n      <\/div>\n\n            \n<style>\n#banner-976575065 {\n  padding-top: 300px;\n}\n#banner-976575065 .banner-bg img {\n  object-position: 50% 63%;\n}\n<\/style>\n  <\/div>\n\n\n\n     <\/div>\n\n     <div class=\"loading-spin dark large centered\"><\/div>\n\n\t<\/div>\n\n\n<div class=\"row align-middle\"  id=\"row-475196240\">\n\n\n\t<div id=\"col-1828446085\" class=\"col small-12 large-12\"  >\n\t\t\t\t<div class=\"col-inner\"  >\n\t\t\t\n\t\t\t\n\n<h2><strong>ALandA &#8211; Ancient Landscapes of Anatolia in the Bronze Age <\/strong><\/h2>\n<p><span data-contrast=\"none\">The ALandA project aims at reconstructing the history of the landscape of Central Anatolia between the 18<\/span><span data-contrast=\"none\">th<\/span><span data-contrast=\"none\"> and the 13<\/span><span data-contrast=\"none\">th<\/span><span data-contrast=\"none\"> centuries BCE, a crucial period of transition from the territorial fragmentation of the Anatolian principalities to the emergence and consolidation of the powerful Hittite Kingdom.<\/span><span data-ccp-props=\"{}\">\u00a0<\/span><\/p>\n<p><span data-contrast=\"none\">The project is the result of the collaboration between the Universities of Milan and Pisa and CNR-ISPC and brings together an interdisciplinary team of archaeologists and assyriologists. The goal is to merge data from Assyrian and Hittite sources with the analysis of material culture, settlement patterns and models of exploitation of the territory, to investigate the changes of the anthropic landscape of second millennium Central Anatolia.<\/span><span data-ccp-props=\"{}\">\u00a0<\/span><\/p>\n<p><span data-contrast=\"none\">The focus is on the modern provinces of Kayeri and Yozgat, where the two key sites of K\u00fcltepe and U\u015fakl\u0131 H\u00f6y\u00fck are actually under excavation by the Universities of Milan and Pisa.<\/span><span data-ccp-props=\"{}\">\u00a0<\/span><\/p>\n<div class=\"row\"  id=\"row-1971786841\">\n\n\n\t<div id=\"col-477434236\" class=\"col medium-6 small-12 large-6\"  >\n\t\t\t\t<div class=\"col-inner\"  >\n\t\t\t\n\t\t\t\n\n\t<div class=\"img has-hover x md-x lg-x y md-y lg-y\" id=\"image_2136316057\">\n\t\t<a class=\"image-lightbox lightbox-gallery\" title=\"\" href=\"https:\/\/orienteantico.unimi.it\/wp-content\/uploads\/2024\/12\/ALandA.jpg\">\t\t\t\t\t\t<div class=\"img-inner dark\" >\n\t\t\t<img loading=\"lazy\" decoding=\"async\" width=\"970\" height=\"662\" src=\"https:\/\/orienteantico.unimi.it\/wp-content\/uploads\/2024\/12\/ALandA.jpg\" class=\"attachment-large size-large\" alt=\"\" srcset=\"https:\/\/orienteantico.unimi.it\/wp-content\/uploads\/2024\/12\/ALandA.jpg 970w, https:\/\/orienteantico.unimi.it\/wp-content\/uploads\/2024\/12\/ALandA-586x400.jpg 586w, https:\/\/orienteantico.unimi.it\/wp-content\/uploads\/2024\/12\/ALandA-768x524.jpg 768w\" sizes=\"auto, (max-width: 970px) 100vw, 970px\" \/>\t\t\t\t\t\t\n\t\t\t\t\t<\/div>\n\t\t\t\t\t\t<\/a>\t\t\n<style>\n#image_2136316057 {\n  width: 98%;\n}\n<\/style>\n\t<\/div>\n\t\n\n<p>Map of Central Anatolia highlighting the investigation area in Yozgat and Kayseri Districts and the main 2nd millennium BCE sites.<\/p>\n\n\t\t<\/div>\n\t\t\t\t\t<\/div>\n\n\t\n\n\t<div id=\"col-712700216\" class=\"col medium-6 small-12 large-6\"  >\n\t\t\t\t<div class=\"col-inner\"  >\n\t\t\t\n\t\t\t\n\n\t<div class=\"img has-hover x md-x lg-x y md-y lg-y\" id=\"image_1309797859\">\n\t\t<a class=\"image-lightbox lightbox-gallery\" title=\"\" href=\"https:\/\/orienteantico.unimi.it\/wp-content\/uploads\/2024\/12\/FIG.2-1200x800.jpg\">\t\t\t\t\t\t<div class=\"img-inner dark\" >\n\t\t\t<img loading=\"lazy\" decoding=\"async\" width=\"1020\" height=\"680\" src=\"https:\/\/orienteantico.unimi.it\/wp-content\/uploads\/2024\/12\/FIG.2-1200x800.jpg\" class=\"attachment-large size-large\" alt=\"\" srcset=\"https:\/\/orienteantico.unimi.it\/wp-content\/uploads\/2024\/12\/FIG.2-1200x800.jpg 1200w, https:\/\/orienteantico.unimi.it\/wp-content\/uploads\/2024\/12\/FIG.2-600x400.jpg 600w, https:\/\/orienteantico.unimi.it\/wp-content\/uploads\/2024\/12\/FIG.2-768x512.jpg 768w, https:\/\/orienteantico.unimi.it\/wp-content\/uploads\/2024\/12\/FIG.2-1536x1024.jpg 1536w, https:\/\/orienteantico.unimi.it\/wp-content\/uploads\/2024\/12\/FIG.2-2048x1365.jpg 2048w\" sizes=\"auto, (max-width: 1020px) 100vw, 1020px\" \/>\t\t\t\t\t\t\n\t\t\t\t\t<\/div>\n\t\t\t\t\t\t<\/a>\t\t\n<style>\n#image_1309797859 {\n  width: 100%;\n}\n<\/style>\n\t<\/div>\n\t\n\n<p>Panoramic view of the Taurus Chain between the Central Anatolian Plateau and the Mediterranean coastline.<\/p>\n\n\t\t<\/div>\n\t\t\t\t\t<\/div>\n\n\t\n\n<\/div>\n<div class=\"row\"  id=\"row-1695686099\">\n\n\n\t<div id=\"col-916188787\" class=\"col medium-4 small-12 large-4\"  >\n\t\t\t\t<div class=\"col-inner\"  >\n\t\t\t\n\t\t\t\n\n\n\t\t<\/div>\n\t\t\t\t\t<\/div>\n\n\t\n\n\t<div id=\"col-1440413797\" class=\"col medium-4 small-12 large-4\"  >\n\t\t\t\t<div class=\"col-inner\"  >\n\t\t\t\n\t\t\t\n\n\t<div class=\"img has-hover x md-x lg-x y md-y lg-y\" id=\"image_1548837245\">\n\t\t\t\t\t\t\t\t<div class=\"img-inner dark\" >\n\t\t\t<img loading=\"lazy\" decoding=\"async\" width=\"1020\" height=\"252\" src=\"https:\/\/orienteantico.unimi.it\/wp-content\/uploads\/2024\/12\/logo-alanda-final-1400x346.png\" class=\"attachment-large size-large\" alt=\"\" srcset=\"https:\/\/orienteantico.unimi.it\/wp-content\/uploads\/2024\/12\/logo-alanda-final-1400x346.png 1400w, https:\/\/orienteantico.unimi.it\/wp-content\/uploads\/2024\/12\/logo-alanda-final-800x197.png 800w, https:\/\/orienteantico.unimi.it\/wp-content\/uploads\/2024\/12\/logo-alanda-final-768x190.png 768w, https:\/\/orienteantico.unimi.it\/wp-content\/uploads\/2024\/12\/logo-alanda-final-1536x379.png 1536w, https:\/\/orienteantico.unimi.it\/wp-content\/uploads\/2024\/12\/logo-alanda-final-2048x506.png 2048w\" sizes=\"auto, (max-width: 1020px) 100vw, 1020px\" \/>\t\t\t\t\t\t\n\t\t\t\t\t<\/div>\n\t\t\t\t\t\t\t\t\n<style>\n#image_1548837245 {\n  width: 100%;\n}\n<\/style>\n\t<\/div>\n\t\n\n\n\t\t<\/div>\n\t\t\t\t\t<\/div>\n\n\t\n\n\t<div id=\"col-540474890\" class=\"col medium-4 small-12 large-4\"  >\n\t\t\t\t<div class=\"col-inner\"  >\n\t\t\t\n\t\t\t\n\n\n\t\t<\/div>\n\t\t\t\t\t<\/div>\n\n\t\n\n<\/div>\n\t<div id=\"gap-418578181\" class=\"gap-element clearfix\" style=\"display:block; height:auto;\">\n\t\t\n<style>\n#gap-418578181 {\n  padding-top: 30px;\n}\n<\/style>\n\t<\/div>\n\t\n\n<div class=\"container section-title-container\" ><h3 class=\"section-title section-title-normal\"><b><\/b><span class=\"section-title-main\" >NEWS<\/span><b><\/b><\/h3><\/div>\n\n\n  \n    <div class=\"row large-columns-4 medium-columns-1 small-columns-1 slider row-slider slider-nav-reveal slider-nav-push\"  data-flickity-options='{&quot;imagesLoaded&quot;: true, &quot;groupCells&quot;: &quot;100%&quot;, &quot;dragThreshold&quot; : 5, &quot;cellAlign&quot;: &quot;left&quot;,&quot;wrapAround&quot;: true,&quot;prevNextButtons&quot;: true,&quot;percentPosition&quot;: true,&quot;pageDots&quot;: false, &quot;rightToLeft&quot;: false, &quot;autoPlay&quot; : false}' >\n\n  <div class=\"col post-item\" >\n\t\t\t<div class=\"col-inner\">\n\t\t\t\t<div class=\"box box-normal box-text-bottom box-blog-post has-hover\">\n            \t\t\t\t\t<div class=\"box-image\" >\n  \t\t\t\t\t\t<div class=\"image-cover\" style=\"padding-top:56.25%;\">\n\t\t\t\t\t\t\t<a href=\"https:\/\/orienteantico.unimi.it\/en\/giornata-dipartimentale-della-ricerca-percorsi-e-intersezioni-della-ricerca\/\" class=\"plain\" aria-label=\"Giornata Dipartimentale della Ricerca \u2013 Percorsi e Intersezioni della Ricerca\">\n\t\t\t\t\t\t\t\t<img loading=\"lazy\" decoding=\"async\" width=\"283\" height=\"400\" src=\"https:\/\/orienteantico.unimi.it\/wp-content\/uploads\/2025\/09\/Locandina_GDR_16.09.25-283x400.jpg\" class=\"attachment-medium size-medium wp-post-image\" alt=\"\" srcset=\"https:\/\/orienteantico.unimi.it\/wp-content\/uploads\/2025\/09\/Locandina_GDR_16.09.25-283x400.jpg 283w, https:\/\/orienteantico.unimi.it\/wp-content\/uploads\/2025\/09\/Locandina_GDR_16.09.25-566x800.jpg 566w, https:\/\/orienteantico.unimi.it\/wp-content\/uploads\/2025\/09\/Locandina_GDR_16.09.25-768x1085.jpg 768w, https:\/\/orienteantico.unimi.it\/wp-content\/uploads\/2025\/09\/Locandina_GDR_16.09.25-1087x1536.jpg 1087w, https:\/\/orienteantico.unimi.it\/wp-content\/uploads\/2025\/09\/Locandina_GDR_16.09.25.jpg 1241w\" sizes=\"auto, (max-width: 283px) 100vw, 283px\" \/>\t\t\t\t\t\t\t<\/a>\n  \t\t\t\t\t\t\t  \t\t\t\t\t\t\t  \t\t\t\t\t\t<\/div>\n  \t\t\t\t\t\t  \t\t\t\t\t<\/div>\n          \t\t\t\t\t<div class=\"box-text text-center\" >\n\t\t\t\t\t<div class=\"box-text-inner blog-post-inner\">\n\n\t\t\t\t\t\n\t\t\t\t\t\t\t\t\t\t<h5 class=\"post-title is-large \">\n\t\t\t\t\t\t<a href=\"https:\/\/orienteantico.unimi.it\/en\/giornata-dipartimentale-della-ricerca-percorsi-e-intersezioni-della-ricerca\/\" class=\"plain\">Giornata Dipartimentale della Ricerca \u2013 Percorsi e Intersezioni della Ricerca<\/a>\n\t\t\t\t\t<\/h5>\n\t\t\t\t\t\t\t\t\t\t<div class=\"is-divider\"><\/div>\n\t\t\t\t\t\t\t\t\t\t<p class=\"from_the_blog_excerpt \">\n\t\t\t\t\t\t\t\t\t\t\t<\/p>\n\t\t\t\t\t                    \n\t\t\t\t\t\t\t\t\t\t\t<a href=\"https:\/\/orienteantico.unimi.it\/en\/giornata-dipartimentale-della-ricerca-percorsi-e-intersezioni-della-ricerca\/\" class=\"button  is-bevel is-small mb-0\">\n\t\t\t\t\t\t\tREAD MORE\t\t\t\t\t\t<\/a>\n\t\t\t\t\t\n\t\t\t\t\t\n\t\t\t\t\t<\/div>\n\t\t\t\t\t<\/div>\n\t\t\t\t\t\t\t\t\t<\/div>\n\t\t\t<\/div>\n\t\t<\/div><div class=\"col post-item\" >\n\t\t\t<div class=\"col-inner\">\n\t\t\t\t<div class=\"box box-normal box-text-bottom box-blog-post has-hover\">\n            \t\t\t\t\t<div class=\"box-image\" >\n  \t\t\t\t\t\t<div class=\"image-cover\" style=\"padding-top:56.25%;\">\n\t\t\t\t\t\t\t<a href=\"https:\/\/orienteantico.unimi.it\/en\/ancient-anatolia-in-milan-prof-fikri-kulakoglu-in-a-seminar-about-the-new-research-in-kultepe-kanesh\/\" class=\"plain\" aria-label=\"Ancient Anatolia in Milan: prof. Fikri Kulako\u011flu in a seminar about the new research in K\u00fcltepe-Kanesh\">\n\t\t\t\t\t\t\t\t<img loading=\"lazy\" decoding=\"async\" width=\"278\" height=\"400\" src=\"https:\/\/orienteantico.unimi.it\/wp-content\/uploads\/2025\/05\/kulakoglu_Conferenza-278x400.jpg\" class=\"attachment-medium size-medium wp-post-image\" alt=\"\" srcset=\"https:\/\/orienteantico.unimi.it\/wp-content\/uploads\/2025\/05\/kulakoglu_Conferenza-278x400.jpg 278w, https:\/\/orienteantico.unimi.it\/wp-content\/uploads\/2025\/05\/kulakoglu_Conferenza-556x800.jpg 556w, https:\/\/orienteantico.unimi.it\/wp-content\/uploads\/2025\/05\/kulakoglu_Conferenza-768x1105.jpg 768w, https:\/\/orienteantico.unimi.it\/wp-content\/uploads\/2025\/05\/kulakoglu_Conferenza-1067x1536.jpg 1067w, https:\/\/orienteantico.unimi.it\/wp-content\/uploads\/2025\/05\/kulakoglu_Conferenza-1423x2048.jpg 1423w, https:\/\/orienteantico.unimi.it\/wp-content\/uploads\/2025\/05\/kulakoglu_Conferenza-scaled.jpg 1779w\" sizes=\"auto, (max-width: 278px) 100vw, 278px\" \/>\t\t\t\t\t\t\t<\/a>\n  \t\t\t\t\t\t\t  \t\t\t\t\t\t\t  \t\t\t\t\t\t<\/div>\n  \t\t\t\t\t\t  \t\t\t\t\t<\/div>\n          \t\t\t\t\t<div class=\"box-text text-center\" >\n\t\t\t\t\t<div class=\"box-text-inner blog-post-inner\">\n\n\t\t\t\t\t\n\t\t\t\t\t\t\t\t\t\t<h5 class=\"post-title is-large \">\n\t\t\t\t\t\t<a href=\"https:\/\/orienteantico.unimi.it\/en\/ancient-anatolia-in-milan-prof-fikri-kulakoglu-in-a-seminar-about-the-new-research-in-kultepe-kanesh\/\" class=\"plain\">Ancient Anatolia in Milan: prof. Fikri Kulako\u011flu in a seminar about the new research in K\u00fcltepe-Kanesh<\/a>\n\t\t\t\t\t<\/h5>\n\t\t\t\t\t\t\t\t\t\t<div class=\"is-divider\"><\/div>\n\t\t\t\t\t\t\t\t\t\t<p class=\"from_the_blog_excerpt \">\n\t\t\t\t\t\t\t\t\t\t\t<\/p>\n\t\t\t\t\t                    \n\t\t\t\t\t\t\t\t\t\t\t<a href=\"https:\/\/orienteantico.unimi.it\/en\/ancient-anatolia-in-milan-prof-fikri-kulakoglu-in-a-seminar-about-the-new-research-in-kultepe-kanesh\/\" class=\"button  is-bevel is-small mb-0\">\n\t\t\t\t\t\t\tREAD MORE\t\t\t\t\t\t<\/a>\n\t\t\t\t\t\n\t\t\t\t\t\n\t\t\t\t\t<\/div>\n\t\t\t\t\t<\/div>\n\t\t\t\t\t\t\t\t\t<\/div>\n\t\t\t<\/div>\n\t\t<\/div><div class=\"col post-item\" >\n\t\t\t<div class=\"col-inner\">\n\t\t\t\t<div class=\"box box-normal box-text-bottom box-blog-post has-hover\">\n            \t\t\t\t\t<div class=\"box-image\" >\n  \t\t\t\t\t\t<div class=\"image-cover\" style=\"padding-top:56.25%;\">\n\t\t\t\t\t\t\t<a href=\"https:\/\/orienteantico.unimi.it\/en\/ancient-anatolia-in-milan-chef-omur-akkor-and-prof-cetin-senkul-in-a-seminar-at-unimi\/\" class=\"plain\" aria-label=\"Ancient Anatolia in Milan: chef \u00d6mur Akkor and Prof. \u00c7etin \u015eenkul in a seminar at Unimi\">\n\t\t\t\t\t\t\t\t<img loading=\"lazy\" decoding=\"async\" width=\"281\" height=\"400\" src=\"https:\/\/orienteantico.unimi.it\/wp-content\/uploads\/2025\/05\/senkul-akkor_Conferenza-281x400.jpg\" class=\"attachment-medium size-medium wp-post-image\" alt=\"\" srcset=\"https:\/\/orienteantico.unimi.it\/wp-content\/uploads\/2025\/05\/senkul-akkor_Conferenza-281x400.jpg 281w, https:\/\/orienteantico.unimi.it\/wp-content\/uploads\/2025\/05\/senkul-akkor_Conferenza-563x800.jpg 563w, https:\/\/orienteantico.unimi.it\/wp-content\/uploads\/2025\/05\/senkul-akkor_Conferenza-768x1092.jpg 768w, https:\/\/orienteantico.unimi.it\/wp-content\/uploads\/2025\/05\/senkul-akkor_Conferenza-1081x1536.jpg 1081w, https:\/\/orienteantico.unimi.it\/wp-content\/uploads\/2025\/05\/senkul-akkor_Conferenza-1441x2048.jpg 1441w, https:\/\/orienteantico.unimi.it\/wp-content\/uploads\/2025\/05\/senkul-akkor_Conferenza-scaled.jpg 1801w\" sizes=\"auto, (max-width: 281px) 100vw, 281px\" \/>\t\t\t\t\t\t\t<\/a>\n  \t\t\t\t\t\t\t  \t\t\t\t\t\t\t  \t\t\t\t\t\t<\/div>\n  \t\t\t\t\t\t  \t\t\t\t\t<\/div>\n          \t\t\t\t\t<div class=\"box-text text-center\" >\n\t\t\t\t\t<div class=\"box-text-inner blog-post-inner\">\n\n\t\t\t\t\t\n\t\t\t\t\t\t\t\t\t\t<h5 class=\"post-title is-large \">\n\t\t\t\t\t\t<a href=\"https:\/\/orienteantico.unimi.it\/en\/ancient-anatolia-in-milan-chef-omur-akkor-and-prof-cetin-senkul-in-a-seminar-at-unimi\/\" class=\"plain\">Ancient Anatolia in Milan: chef \u00d6mur Akkor and Prof. \u00c7etin \u015eenkul in a seminar at Unimi<\/a>\n\t\t\t\t\t<\/h5>\n\t\t\t\t\t\t\t\t\t\t<div class=\"is-divider\"><\/div>\n\t\t\t\t\t\t\t\t\t\t<p class=\"from_the_blog_excerpt \">\n\t\t\t\t\t\t\t\t\t\t\t<\/p>\n\t\t\t\t\t                    \n\t\t\t\t\t\t\t\t\t\t\t<a href=\"https:\/\/orienteantico.unimi.it\/en\/ancient-anatolia-in-milan-chef-omur-akkor-and-prof-cetin-senkul-in-a-seminar-at-unimi\/\" class=\"button  is-bevel is-small mb-0\">\n\t\t\t\t\t\t\tREAD MORE\t\t\t\t\t\t<\/a>\n\t\t\t\t\t\n\t\t\t\t\t\n\t\t\t\t\t<\/div>\n\t\t\t\t\t<\/div>\n\t\t\t\t\t\t\t\t\t<\/div>\n\t\t\t<\/div>\n\t\t<\/div><div class=\"col post-item\" >\n\t\t\t<div class=\"col-inner\">\n\t\t\t\t<div class=\"box box-normal box-text-bottom box-blog-post has-hover\">\n            \t\t\t\t\t<div class=\"box-image\" >\n  \t\t\t\t\t\t<div class=\"image-cover\" style=\"padding-top:56.25%;\">\n\t\t\t\t\t\t\t<a href=\"https:\/\/orienteantico.unimi.it\/en\/andreas-schachner-at-unimi\/\" class=\"plain\" aria-label=\"Andreas Schachner at Unimi\">\n\t\t\t\t\t\t\t\t<img loading=\"lazy\" decoding=\"async\" width=\"282\" height=\"400\" src=\"https:\/\/orienteantico.unimi.it\/wp-content\/uploads\/2025\/03\/Locandina-Conferenza_Prof-Schachner-2-282x400.jpg\" class=\"attachment-medium size-medium wp-post-image\" alt=\"\" srcset=\"https:\/\/orienteantico.unimi.it\/wp-content\/uploads\/2025\/03\/Locandina-Conferenza_Prof-Schachner-2-282x400.jpg 282w, https:\/\/orienteantico.unimi.it\/wp-content\/uploads\/2025\/03\/Locandina-Conferenza_Prof-Schachner-2-564x800.jpg 564w, https:\/\/orienteantico.unimi.it\/wp-content\/uploads\/2025\/03\/Locandina-Conferenza_Prof-Schachner-2-768x1089.jpg 768w, https:\/\/orienteantico.unimi.it\/wp-content\/uploads\/2025\/03\/Locandina-Conferenza_Prof-Schachner-2-1083x1536.jpg 1083w, https:\/\/orienteantico.unimi.it\/wp-content\/uploads\/2025\/03\/Locandina-Conferenza_Prof-Schachner-2-1444x2048.jpg 1444w, https:\/\/orienteantico.unimi.it\/wp-content\/uploads\/2025\/03\/Locandina-Conferenza_Prof-Schachner-2-scaled.jpg 1805w\" sizes=\"auto, (max-width: 282px) 100vw, 282px\" \/>\t\t\t\t\t\t\t<\/a>\n  \t\t\t\t\t\t\t  \t\t\t\t\t\t\t  \t\t\t\t\t\t<\/div>\n  \t\t\t\t\t\t  \t\t\t\t\t<\/div>\n          \t\t\t\t\t<div class=\"box-text text-center\" >\n\t\t\t\t\t<div class=\"box-text-inner blog-post-inner\">\n\n\t\t\t\t\t\n\t\t\t\t\t\t\t\t\t\t<h5 class=\"post-title is-large \">\n\t\t\t\t\t\t<a href=\"https:\/\/orienteantico.unimi.it\/en\/andreas-schachner-at-unimi\/\" class=\"plain\">Andreas Schachner at Unimi<\/a>\n\t\t\t\t\t<\/h5>\n\t\t\t\t\t\t\t\t\t\t<div class=\"is-divider\"><\/div>\n\t\t\t\t\t\t\t\t\t\t<p class=\"from_the_blog_excerpt \">\n\t\t\t\t\t\t\t\t\t\t\t<\/p>\n\t\t\t\t\t                    \n\t\t\t\t\t\t\t\t\t\t\t<a href=\"https:\/\/orienteantico.unimi.it\/en\/andreas-schachner-at-unimi\/\" class=\"button  is-bevel is-small mb-0\">\n\t\t\t\t\t\t\tREAD MORE\t\t\t\t\t\t<\/a>\n\t\t\t\t\t\n\t\t\t\t\t\n\t\t\t\t\t<\/div>\n\t\t\t\t\t<\/div>\n\t\t\t\t\t\t\t\t\t<\/div>\n\t\t\t<\/div>\n\t\t<\/div><div class=\"col post-item\" >\n\t\t\t<div class=\"col-inner\">\n\t\t\t\t<div class=\"box box-normal box-text-bottom box-blog-post has-hover\">\n            \t\t\t\t\t<div class=\"box-image\" >\n  \t\t\t\t\t\t<div class=\"image-cover\" style=\"padding-top:56.25%;\">\n\t\t\t\t\t\t\t<a href=\"https:\/\/orienteantico.unimi.it\/en\/3rd-departmental-research-day\/\" class=\"plain\" aria-label=\"The ALandA project at the 3rd Departmental Research Day\">\n\t\t\t\t\t\t\t\t<img loading=\"lazy\" decoding=\"async\" width=\"282\" height=\"400\" src=\"https:\/\/orienteantico.unimi.it\/wp-content\/uploads\/2024\/12\/Giornata-dipartimentale_2024-282x400.jpg\" class=\"attachment-medium size-medium wp-post-image\" alt=\"\" srcset=\"https:\/\/orienteantico.unimi.it\/wp-content\/uploads\/2024\/12\/Giornata-dipartimentale_2024-282x400.jpg 282w, https:\/\/orienteantico.unimi.it\/wp-content\/uploads\/2024\/12\/Giornata-dipartimentale_2024.jpg 492w\" sizes=\"auto, (max-width: 282px) 100vw, 282px\" \/>\t\t\t\t\t\t\t<\/a>\n  \t\t\t\t\t\t\t  \t\t\t\t\t\t\t  \t\t\t\t\t\t<\/div>\n  \t\t\t\t\t\t  \t\t\t\t\t<\/div>\n          \t\t\t\t\t<div class=\"box-text text-center\" >\n\t\t\t\t\t<div class=\"box-text-inner blog-post-inner\">\n\n\t\t\t\t\t\n\t\t\t\t\t\t\t\t\t\t<h5 class=\"post-title is-large \">\n\t\t\t\t\t\t<a href=\"https:\/\/orienteantico.unimi.it\/en\/3rd-departmental-research-day\/\" class=\"plain\">The ALandA project at the 3rd Departmental Research Day<\/a>\n\t\t\t\t\t<\/h5>\n\t\t\t\t\t\t\t\t\t\t<div class=\"is-divider\"><\/div>\n\t\t\t\t\t\t\t\t\t\t<p class=\"from_the_blog_excerpt \">\n\t\t\t\t\t\t\t\t\t\t\t<\/p>\n\t\t\t\t\t                    \n\t\t\t\t\t\t\t\t\t\t\t<a href=\"https:\/\/orienteantico.unimi.it\/en\/3rd-departmental-research-day\/\" class=\"button  is-bevel is-small mb-0\">\n\t\t\t\t\t\t\tREAD MORE\t\t\t\t\t\t<\/a>\n\t\t\t\t\t\n\t\t\t\t\t\n\t\t\t\t\t<\/div>\n\t\t\t\t\t<\/div>\n\t\t\t\t\t\t\t\t\t<\/div>\n\t\t\t<\/div>\n\t\t<\/div><div class=\"col post-item\" >\n\t\t\t<div class=\"col-inner\">\n\t\t\t\t<div class=\"box box-normal box-text-bottom box-blog-post has-hover\">\n            \t\t\t\t\t<div class=\"box-image\" >\n  \t\t\t\t\t\t<div class=\"image-cover\" style=\"padding-top:56.25%;\">\n\t\t\t\t\t\t\t<a href=\"https:\/\/orienteantico.unimi.it\/en\/departmental-day-2024\/\" class=\"plain\" aria-label=\"Luca Peyronel, Michael Campeggi, Eleonora Franco, and Agnese Vacca present at the Third Departmental Research Day the PRIN ALandA project @Unimi, via Festa del Perdono 7, Room 422, December 19, 2024, 9:00 AM.\">\n\t\t\t\t\t\t\t\t<img loading=\"lazy\" decoding=\"async\" width=\"282\" height=\"400\" src=\"https:\/\/orienteantico.unimi.it\/wp-content\/uploads\/2024\/12\/Giornata-dipartimentale_2024-282x400.jpg\" class=\"attachment-medium size-medium wp-post-image\" alt=\"\" srcset=\"https:\/\/orienteantico.unimi.it\/wp-content\/uploads\/2024\/12\/Giornata-dipartimentale_2024-282x400.jpg 282w, https:\/\/orienteantico.unimi.it\/wp-content\/uploads\/2024\/12\/Giornata-dipartimentale_2024.jpg 492w\" sizes=\"auto, (max-width: 282px) 100vw, 282px\" \/>\t\t\t\t\t\t\t<\/a>\n  \t\t\t\t\t\t\t  \t\t\t\t\t\t\t  \t\t\t\t\t\t<\/div>\n  \t\t\t\t\t\t  \t\t\t\t\t<\/div>\n          \t\t\t\t\t<div class=\"box-text text-center\" >\n\t\t\t\t\t<div class=\"box-text-inner blog-post-inner\">\n\n\t\t\t\t\t\n\t\t\t\t\t\t\t\t\t\t<h5 class=\"post-title is-large \">\n\t\t\t\t\t\t<a href=\"https:\/\/orienteantico.unimi.it\/en\/departmental-day-2024\/\" class=\"plain\">Luca Peyronel, Michael Campeggi, Eleonora Franco, and Agnese Vacca present at the Third Departmental Research Day the PRIN ALandA project @Unimi, via Festa del Perdono 7, Room 422, December 19, 2024, 9:00 AM.<\/a>\n\t\t\t\t\t<\/h5>\n\t\t\t\t\t\t\t\t\t\t<div class=\"is-divider\"><\/div>\n\t\t\t\t\t\t\t\t\t\t<p class=\"from_the_blog_excerpt \">\n\t\t\t\t\t\t\t\t\t\t\t<\/p>\n\t\t\t\t\t                    \n\t\t\t\t\t\t\t\t\t\t\t<a href=\"https:\/\/orienteantico.unimi.it\/en\/departmental-day-2024\/\" class=\"button  is-bevel is-small mb-0\">\n\t\t\t\t\t\t\tREAD MORE\t\t\t\t\t\t<\/a>\n\t\t\t\t\t\n\t\t\t\t\t\n\t\t\t\t\t<\/div>\n\t\t\t\t\t<\/div>\n\t\t\t\t\t\t\t\t\t<\/div>\n\t\t\t<\/div>\n\t\t<\/div><\/div>\n\n<div class=\"row\"  id=\"row-1982407268\">\n\n\n\t<div id=\"col-2028115994\" class=\"col medium-4 small-12 large-4\"  >\n\t\t\t\t<div class=\"col-inner\"  >\n\t\t\t\n\t\t\t\n\n\n\t\t<\/div>\n\t\t\t\t\t<\/div>\n\n\t\n\n\t<div id=\"col-1156211850\" class=\"col medium-4 small-12 large-4\"  >\n\t\t\t\t<div class=\"col-inner\"  >\n\t\t\t\n\t\t\t\n\n<a href=\"https:\/\/orienteantico.unimi.it\/it\/news-1\/\" class=\"button primary expand\"  >\n\t\t<span>CHECK ALL THE NEWS<\/span>\n\t<i class=\"icon-angle-right\" aria-hidden=\"true\" ><\/i><\/a>\n\n\n\n\t\t<\/div>\n\t\t\t\t\t<\/div>\n\n\t\n\n\t<div id=\"col-1905208925\" class=\"col medium-4 small-12 large-4\"  >\n\t\t\t\t<div class=\"col-inner\"  >\n\t\t\t\n\t\t\t\n\n\n\t\t<\/div>\n\t\t\t\t\t<\/div>\n\n\t\n\n<\/div>\n\n\t\t<\/div>\n\t\t\t\t\t<\/div>\n\n\t\n\n<\/div>\n\n","protected":false},"excerpt":{"rendered":"","protected":false},"author":1,"featured_media":0,"parent":0,"menu_order":0,"comment_status":"closed","ping_status":"closed","template":"page-blank.php","meta":{"footnotes":""},"class_list":["post-5423","page","type-page","status-publish","hentry"],"_links":{"self":[{"href":"https:\/\/orienteantico.unimi.it\/en\/wp-json\/wp\/v2\/pages\/5423","targetHints":{"allow":["GET"]}}],"collection":[{"href":"https:\/\/orienteantico.unimi.it\/en\/wp-json\/wp\/v2\/pages"}],"about":[{"href":"https:\/\/orienteantico.unimi.it\/en\/wp-json\/wp\/v2\/types\/page"}],"author":[{"embeddable":true,"href":"https:\/\/orienteantico.unimi.it\/en\/wp-json\/wp\/v2\/users\/1"}],"replies":[{"embeddable":true,"href":"https:\/\/orienteantico.unimi.it\/en\/wp-json\/wp\/v2\/comments?post=5423"}],"version-history":[{"count":10,"href":"https:\/\/orienteantico.unimi.it\/en\/wp-json\/wp\/v2\/pages\/5423\/revisions"}],"predecessor-version":[{"id":6049,"href":"https:\/\/orienteantico.unimi.it\/en\/wp-json\/wp\/v2\/pages\/5423\/revisions\/6049"}],"wp:attachment":[{"href":"https:\/\/orienteantico.unimi.it\/en\/wp-json\/wp\/v2\/media?parent=5423"}],"curies":[{"name":"wp","href":"https:\/\/api.w.org\/{rel}","templated":true}]}}